{"id":968,"date":"2017-01-21T10:02:26","date_gmt":"2017-01-21T09:02:26","guid":{"rendered":"http:\/\/www.zssv-illerberg-thal.de\/?page_id=968"},"modified":"2024-06-14T11:08:43","modified_gmt":"2024-06-14T09:08:43","slug":"ausschus","status":"publish","type":"page","link":"http:\/\/www.zssv-illerberg-thal.de\/?page_id=968","title":{"rendered":"Vorstandschaft + Ausschuss + Jugendleitung"},"content":{"rendered":"<table style=\"height: 741px;\" width=\"1319\">\n<tbody>\n<tr>\n<td colspan=\"2\"><a href=\"http:\/\/www.zssv-illerberg-thal.de\/wp-content\/uploads\/2023\/01\/Ausschuss.jpeg\"><img loading=\"lazy\" decoding=\"async\" class=\"alignnone wp-image-8951\" src=\"http:\/\/www.zssv-illerberg-thal.de\/wp-content\/uploads\/2023\/01\/Ausschuss-1024x768.jpeg\" alt=\"\" width=\"649\" height=\"487\" srcset=\"http:\/\/www.zssv-illerberg-thal.de\/wp-content\/uploads\/2023\/01\/Ausschuss-1024x768.jpeg 1024w, http:\/\/www.zssv-illerberg-thal.de\/wp-content\/uploads\/2023\/01\/Ausschuss-300x225.jpeg 300w, http:\/\/www.zssv-illerberg-thal.de\/wp-content\/uploads\/2023\/01\/Ausschuss-768x576.jpeg 768w, http:\/\/www.zssv-illerberg-thal.de\/wp-content\/uploads\/2023\/01\/Ausschuss-1536x1152.jpeg 1536w, http:\/\/www.zssv-illerberg-thal.de\/wp-content\/uploads\/2023\/01\/Ausschuss.jpeg 2000w\" sizes=\"auto, (max-width: 649px) 100vw, 649px\" \/><\/a><\/p>\n<h3>Vorstandschaft<\/h3>\n<\/td>\n<\/tr>\n<tr>\n<td width=\"35%\">Vorstand<\/td>\n<td width=\"65%\"><a href=\"mailto:info@zssv-illerberg-thal.de\">Dirk Ruhland<\/a><\/td>\n<\/tr>\n<tr>\n<td>1. Sch\u00fctzenmeister, lizenzierter Jugendleiter<\/td>\n<td><a href=\"mailto:info@zssv-illerberg-thal.de\">Benjamin Sch\u00f6lzel<\/a><\/td>\n<\/tr>\n<tr>\n<td>2. Sch\u00fctzenmeister, Vereins\u00fcbungsleiter, EDV-Beauftragter<\/td>\n<td><a href=\"mailto:webmaster@zssv-illerberg-thal.de\">Markus Czernin<\/a><\/td>\n<\/tr>\n<tr>\n<td>Kassierer<\/td>\n<td><a href=\"mailto:info@zssv-illerberg-thal.de\">Thomas Renz<\/a><\/td>\n<\/tr>\n<tr>\n<td>Schriftf\u00fchrerin<\/td>\n<td><a href=\"mailto:info@zssv-illerberg-thal.de\">Jennifer Rapp<\/a><\/td>\n<\/tr>\n<tr>\n<td>1. Jugendleiter, lizenzierter Jugendleiter<\/td>\n<td><a href=\"mailto:info@zssv-illerberg-thal.de\">J\u00fcrgen Eberle<\/a><\/td>\n<\/tr>\n<tr>\n<td colspan=\"2\">\n<h3>Vereinsausschuss \/ Bereichsleitungen<\/h3>\n<\/td>\n<\/tr>\n<tr>\n<td>Leitung Damen<\/td>\n<td>Sabine Keller-Epple, Vertreterin Jennifer Rapp<\/td>\n<\/tr>\n<tr>\n<td>Leitung Pistole \/ Luftgewehr<\/td>\n<td>Martin Ment, Vertreter J\u00fcrgen Epple<\/td>\n<\/tr>\n<tr>\n<td>Leitung Bogen<\/td>\n<td>Monika Wiesmaier, Vertreter Martin Ment<\/td>\n<\/tr>\n<tr>\n<td>Leitung B\u00f6llersch\u00fctzen<\/td>\n<td>Roland Bischoff, Vertreter Andreas Schrapp<\/td>\n<\/tr>\n<tr>\n<td>Leitung Auflagesch\u00fctzen<\/td>\n<td>Hermann Kleiser, Vertreter Johann Lieble<\/td>\n<\/tr>\n<tr>\n<td colspan=\"2\">\n<h3>F\u00e4hnrich u. Fahnenbegleiter<\/h3>\n<\/td>\n<\/tr>\n<tr>\n<td>F\u00e4hnrich<\/td>\n<td>Hermann Kleiser<\/td>\n<\/tr>\n<tr>\n<td>Fahnenbegleiter<\/td>\n<td>Andreas Schrapp<br \/>\nHeiko Str\u00e4hle<\/td>\n<\/tr>\n<tr>\n<td>\n<h3>Kassenpr\u00fcfer<\/h3>\n<\/td>\n<td>Karin Zanker<br \/>\nHeidrun Volz<\/td>\n<\/tr>\n<tr>\n<td colspan=\"2\">\n<h3>Jugendleitung<\/h3>\n<\/td>\n<\/tr>\n<tr>\n<td>Lizenzierte Jugendleiter<\/td>\n<td>J\u00fcrgen Eberle und Angela Ponzer<\/td>\n<\/tr>\n<tr>\n<td>Vereinsjugendsprecher<\/td>\n<td>Jonas Grotz, Vertreter Robin Gebhard<\/td>\n<\/tr>\n<tr>\n<td>Jugend-Kassier<\/td>\n<td>Robin Gebhard<\/td>\n<\/tr>\n<tr>\n<td>Delegierte f\u00fcr Gaujugendtag<\/td>\n<td>Max Wiesmaier, Jonas Grotz<\/td>\n<\/tr>\n<\/tbody>\n<\/table>\n<p>Letzte Wahl: 27.01.2023<\/p>\n","protected":false},"excerpt":{"rendered":"<p>Vorstandschaft Vorstand Dirk Ruhland 1. Sch\u00fctzenmeister, lizenzierter Jugendleiter Benjamin Sch\u00f6lzel 2. Sch\u00fctzenmeister, Vereins\u00fcbungsleiter, EDV-Beauftragter Markus Czernin Kassierer Thomas Renz Schriftf\u00fchrerin Jennifer Rapp 1. Jugendleiter, lizenzierter Jugendleiter J\u00fcrgen Eberle Vereinsausschuss \/ Bereichsleitungen Leitung Damen Sabine Keller-Epple, Vertreterin Jennifer Rapp Leitung Pistole \/ Luftgewehr Martin Ment, Vertreter J\u00fcrgen Epple Leitung Bogen Monika Wiesmaier, Vertreter Martin Ment Leitung [&hellip;]<\/p>\n","protected":false},"author":5,"featured_media":0,"parent":25,"menu_order":2,"comment_status":"closed","ping_status":"closed","template":"page-full-width.php","meta":{"ngg_post_thumbnail":0,"footnotes":""},"class_list":["post-968","page","type-page","status-publish","hentry"],"_links":{"self":[{"href":"http:\/\/www.zssv-illerberg-thal.de\/index.php?rest_route=\/wp\/v2\/pages\/968","targetHints":{"allow":["GET"]}}],"collection":[{"href":"http:\/\/www.zssv-illerberg-thal.de\/index.php?rest_route=\/wp\/v2\/pages"}],"about":[{"href":"http:\/\/www.zssv-illerberg-thal.de\/index.php?rest_route=\/wp\/v2\/types\/page"}],"author":[{"embeddable":true,"href":"http:\/\/www.zssv-illerberg-thal.de\/index.php?rest_route=\/wp\/v2\/users\/5"}],"replies":[{"embeddable":true,"href":"http:\/\/www.zssv-illerberg-thal.de\/index.php?rest_route=%2Fwp%2Fv2%2Fcomments&post=968"}],"version-history":[{"count":64,"href":"http:\/\/www.zssv-illerberg-thal.de\/index.php?rest_route=\/wp\/v2\/pages\/968\/revisions"}],"predecessor-version":[{"id":9652,"href":"http:\/\/www.zssv-illerberg-thal.de\/index.php?rest_route=\/wp\/v2\/pages\/968\/revisions\/9652"}],"up":[{"embeddable":true,"href":"http:\/\/www.zssv-illerberg-thal.de\/index.php?rest_route=\/wp\/v2\/pages\/25"}],"wp:attachment":[{"href":"http:\/\/www.zssv-illerberg-thal.de\/index.php?rest_route=%2Fwp%2Fv2%2Fmedia&parent=968"}],"curies":[{"name":"wp","href":"https:\/\/api.w.org\/{rel}","templated":true}]}}