{"id":8169,"date":"2020-01-02T21:13:05","date_gmt":"2020-01-02T20:13:05","guid":{"rendered":"http:\/\/www.zssv-illerberg-thal.de\/?page_id=8169"},"modified":"2020-01-02T21:18:11","modified_gmt":"2020-01-02T20:18:11","slug":"scheine-fuer-vereine","status":"publish","type":"page","link":"http:\/\/www.zssv-illerberg-thal.de\/?page_id=8169","title":{"rendered":"Scheine f\u00fcr Vereine"},"content":{"rendered":"<p>Am Montag, den 20.02.2017 wurde uns von Donau 3 FM und der Sparkasse Neu-Ulm &#8211; Illertissen ein Scheck \u00fcber 500,- EUR \u00fcberreicht, den wir bei &#8222;Scheine f\u00fcr Vereine&#8220; gewonnen haben. Der ZSSV Jllerberg-Thal e.V. bedankt sich recht herzlich daf\u00fcr!<\/p>\n<h4>&nbsp;<\/h4>\n<h4><a href=\"http:\/\/www.zssv-illerberg-thal.de\/wp-content\/uploads\/2014\/12\/DSC02830.jpg\"><img loading=\"lazy\" decoding=\"async\" class=\"alignnone wp-image-4774\" src=\"http:\/\/www.zssv-illerberg-thal.de\/wp-content\/uploads\/2014\/12\/DSC02830-300x200.jpg\" alt=\"\" width=\"600\" height=\"400\" srcset=\"http:\/\/www.zssv-illerberg-thal.de\/wp-content\/uploads\/2014\/12\/DSC02830-300x200.jpg 300w, http:\/\/www.zssv-illerberg-thal.de\/wp-content\/uploads\/2014\/12\/DSC02830-768x512.jpg 768w, http:\/\/www.zssv-illerberg-thal.de\/wp-content\/uploads\/2014\/12\/DSC02830.jpg 972w\" sizes=\"auto, (max-width: 600px) 100vw, 600px\" \/><\/a><\/h4>\n<div style=\"width: 600px;\" class=\"wp-video\"><video class=\"wp-video-shortcode\" id=\"video-8169-1\" width=\"600\" height=\"400\" preload=\"metadata\" controls=\"controls\"><source type=\"video\/mp4\" src=\"http:\/\/www.zssv-illerberg-thal.de\/wp-content\/uploads\/2017\/02\/Scheine.mp4?_=1\" \/><a href=\"http:\/\/www.zssv-illerberg-thal.de\/wp-content\/uploads\/2017\/02\/Scheine.mp4\">http:\/\/www.zssv-illerberg-thal.de\/wp-content\/uploads\/2017\/02\/Scheine.mp4<\/a><\/video><\/div>\n","protected":false},"excerpt":{"rendered":"<p>Am Montag, den 20.02.2017 wurde uns von Donau 3 FM und der Sparkasse Neu-Ulm &#8211; Illertissen ein Scheck \u00fcber 500,- EUR \u00fcberreicht, den wir bei &#8222;Scheine f\u00fcr Vereine&#8220; gewonnen haben. Der ZSSV Jllerberg-Thal e.V. bedankt sich recht herzlich daf\u00fcr! &nbsp;<\/p>\n","protected":false},"author":2,"featured_media":0,"parent":1285,"menu_order":0,"comment_status":"closed","ping_status":"closed","template":"page-full-width.php","meta":{"ngg_post_thumbnail":0,"footnotes":""},"class_list":["post-8169","page","type-page","status-publish","hentry"],"_links":{"self":[{"href":"http:\/\/www.zssv-illerberg-thal.de\/index.php?rest_route=\/wp\/v2\/pages\/8169","targetHints":{"allow":["GET"]}}],"collection":[{"href":"http:\/\/www.zssv-illerberg-thal.de\/index.php?rest_route=\/wp\/v2\/pages"}],"about":[{"href":"http:\/\/www.zssv-illerberg-thal.de\/index.php?rest_route=\/wp\/v2\/types\/page"}],"author":[{"embeddable":true,"href":"http:\/\/www.zssv-illerberg-thal.de\/index.php?rest_route=\/wp\/v2\/users\/2"}],"replies":[{"embeddable":true,"href":"http:\/\/www.zssv-illerberg-thal.de\/index.php?rest_route=%2Fwp%2Fv2%2Fcomments&post=8169"}],"version-history":[{"count":3,"href":"http:\/\/www.zssv-illerberg-thal.de\/index.php?rest_route=\/wp\/v2\/pages\/8169\/revisions"}],"predecessor-version":[{"id":8173,"href":"http:\/\/www.zssv-illerberg-thal.de\/index.php?rest_route=\/wp\/v2\/pages\/8169\/revisions\/8173"}],"up":[{"embeddable":true,"href":"http:\/\/www.zssv-illerberg-thal.de\/index.php?rest_route=\/wp\/v2\/pages\/1285"}],"wp:attachment":[{"href":"http:\/\/www.zssv-illerberg-thal.de\/index.php?rest_route=%2Fwp%2Fv2%2Fmedia&parent=8169"}],"curies":[{"name":"wp","href":"https:\/\/api.w.org\/{rel}","templated":true}]}}