{"id":8084,"date":"2019-12-04T10:52:50","date_gmt":"2019-12-04T09:52:50","guid":{"rendered":"http:\/\/www.zssv-illerberg-thal.de\/?page_id=8084"},"modified":"2024-12-09T20:17:46","modified_gmt":"2024-12-09T19:17:46","slug":"auflage","status":"publish","type":"page","link":"http:\/\/www.zssv-illerberg-thal.de\/?page_id=8084","title":{"rendered":"Auflage"},"content":{"rendered":"<table style=\"height: 37px;\" width=\"517\">\n<tbody>\n<tr>\n<td>2020<\/td>\n<td>Schrapp Franz-Xaver<\/td>\n<\/tr>\n<tr>\n<td>2021<\/td>\n<td>Schrapp Franz-Xaver<br \/>\n(2. Amtszeit, da wegen Corona kein K\u00f6nigschie\u00dfen m\u00f6glich war).<\/td>\n<\/tr>\n<tr>\n<td>2022<\/td>\n<td>Braunmiller Konrad<\/td>\n<\/tr>\n<tr>\n<td>2023<\/td>\n<td>Willbold Ernst<\/td>\n<\/tr>\n<tr>\n<td>2024<\/td>\n<td>Bischoff Roland<\/td>\n<\/tr>\n<tr>\n<td>2025<\/td>\n<td>Lieble Johann<\/td>\n<\/tr>\n<\/tbody>\n<\/table>\n<p>&nbsp;<\/p>\n","protected":false},"excerpt":{"rendered":"<p>2020 Schrapp Franz-Xaver 2021 Schrapp Franz-Xaver (2. Amtszeit, da wegen Corona kein K\u00f6nigschie\u00dfen m\u00f6glich war). 2022 Braunmiller Konrad 2023 Willbold Ernst 2024 Bischoff Roland 2025 Lieble Johann &nbsp;<\/p>\n","protected":false},"author":5,"featured_media":0,"parent":237,"menu_order":0,"comment_status":"closed","ping_status":"closed","template":"","meta":{"ngg_post_thumbnail":0,"footnotes":""},"class_list":["post-8084","page","type-page","status-publish","hentry"],"_links":{"self":[{"href":"http:\/\/www.zssv-illerberg-thal.de\/index.php?rest_route=\/wp\/v2\/pages\/8084","targetHints":{"allow":["GET"]}}],"collection":[{"href":"http:\/\/www.zssv-illerberg-thal.de\/index.php?rest_route=\/wp\/v2\/pages"}],"about":[{"href":"http:\/\/www.zssv-illerberg-thal.de\/index.php?rest_route=\/wp\/v2\/types\/page"}],"author":[{"embeddable":true,"href":"http:\/\/www.zssv-illerberg-thal.de\/index.php?rest_route=\/wp\/v2\/users\/5"}],"replies":[{"embeddable":true,"href":"http:\/\/www.zssv-illerberg-thal.de\/index.php?rest_route=%2Fwp%2Fv2%2Fcomments&post=8084"}],"version-history":[{"count":12,"href":"http:\/\/www.zssv-illerberg-thal.de\/index.php?rest_route=\/wp\/v2\/pages\/8084\/revisions"}],"predecessor-version":[{"id":9744,"href":"http:\/\/www.zssv-illerberg-thal.de\/index.php?rest_route=\/wp\/v2\/pages\/8084\/revisions\/9744"}],"up":[{"embeddable":true,"href":"http:\/\/www.zssv-illerberg-thal.de\/index.php?rest_route=\/wp\/v2\/pages\/237"}],"wp:attachment":[{"href":"http:\/\/www.zssv-illerberg-thal.de\/index.php?rest_route=%2Fwp%2Fv2%2Fmedia&parent=8084"}],"curies":[{"name":"wp","href":"https:\/\/api.w.org\/{rel}","templated":true}]}}