{"id":76,"date":"2011-05-01T15:44:09","date_gmt":"2011-05-01T13:44:09","guid":{"rendered":"http:\/\/zssv-illerberg-thal.de\/blog\/?page_id=76"},"modified":"2019-10-28T21:33:23","modified_gmt":"2019-10-28T20:33:23","slug":"kapitan","status":"publish","type":"page","link":"http:\/\/www.zssv-illerberg-thal.de\/?page_id=76","title":{"rendered":"B\u00f6llerschussmeister"},"content":{"rendered":"<p><strong><a href=\"http:\/\/www.zssv-illerberg-thal.de\/wp-content\/uploads\/2019\/10\/b\u00f6llerschussmeister.jpg\"><img loading=\"lazy\" decoding=\"async\" class=\"alignnone size-medium wp-image-8046\" src=\"http:\/\/www.zssv-illerberg-thal.de\/wp-content\/uploads\/2019\/10\/b\u00f6llerschussmeister-200x300.jpg\" alt=\"\" width=\"200\" height=\"300\" srcset=\"http:\/\/www.zssv-illerberg-thal.de\/wp-content\/uploads\/2019\/10\/b\u00f6llerschussmeister-200x300.jpg 200w, http:\/\/www.zssv-illerberg-thal.de\/wp-content\/uploads\/2019\/10\/b\u00f6llerschussmeister-768x1152.jpg 768w, http:\/\/www.zssv-illerberg-thal.de\/wp-content\/uploads\/2019\/10\/b\u00f6llerschussmeister-683x1024.jpg 683w\" sizes=\"auto, (max-width: 200px) 100vw, 200px\" \/><\/a>&nbsp;<br \/>\n<\/strong><strong>Anton Schrapp<\/strong><br \/>\n1. Schussmeister der B\u00f6llergruppe<\/p>\n<hr>\n<p>B\u00d6LLERSCH\u00dcTZEN IN JLLERBERG\/THAL, seit 1997<\/p>\n<p>Das B\u00f6llerschie\u00dfen hat eine traditionsreiche Geschichte.<br \/>\nSeit dem 15. Jahrhundert wird das B\u00f6llerschie\u00dfen ausge\u00fcbt und dient vor allem der Pflege alten Brauchtums.<\/p>\n<p>Die B\u00f6llersch\u00fctzen stehen das ganze Jahr \u00fcber im Einsatz und treten bei nachstehenden Anl\u00e4ssen auf:<\/p>\n<ul>\n<li>kirchliche und weltliche Anl\u00e4sse<\/li>\n<li>Sch\u00fctzenfeste und B\u00f6llersch\u00fctzentreffen<\/li>\n<li>Hochzeiten<\/li>\n<li>Geburtstage (von verdienten Vereinsmitgliedern oder Pers\u00f6nlichkeiten des \u00f6ffenlichen Lebens)<\/li>\n<li>Goldene oder diamantene Hochzeiten<\/li>\n<li>Totengedenken<\/li>\n<\/ul>\n<p>Im Sch\u00fctzenverein gibt es seit dem 10.2.1997 die B\u00f6llergruppe, die von einst 12 Gr\u00fcndungsmitgliedern auf insgesamt 19 Sch\u00fctzen angewachsen ist, darunter eine B\u00f6llersch\u00fctzin.<\/p>\n<p>B\u00f6llerschie\u00dfen ist keine Sportart bei der es um 100 Ringe geht &#8211; nein! Wir wollen die Tradition und das Brauchtum bewahren, die Geselligkeit und die Kameradschaft pflegen und \u00fcben das B\u00f6llerschie\u00dfen mit ungetr\u00fcbter Freude aus.<\/p>\n<p>Neue B\u00f6llersch\u00fctzen durchlaufen eine Schulung mit anschlie\u00dfender Pr\u00fcfung und sind danach herzlich eingeladen, sich mit einem Hand- oder Schaftb\u00f6ller der Gruppe anzuschlie\u00dfen.<br \/>\nWir w\u00fcrden uns auch \u00fcber einen weiteren, &#8222;weiblichen Zuwachs&#8220; freuen!<\/p>\n","protected":false},"excerpt":{"rendered":"<p>&nbsp; Anton Schrapp 1. Schussmeister der B\u00f6llergruppe B\u00d6LLERSCH\u00dcTZEN IN JLLERBERG\/THAL, seit 1997 Das B\u00f6llerschie\u00dfen hat eine traditionsreiche Geschichte. Seit dem 15. Jahrhundert wird das B\u00f6llerschie\u00dfen ausge\u00fcbt und dient vor allem der Pflege alten Brauchtums. Die B\u00f6llersch\u00fctzen stehen das ganze Jahr \u00fcber im Einsatz und treten bei nachstehenden Anl\u00e4ssen auf: kirchliche und weltliche Anl\u00e4sse Sch\u00fctzenfeste und [&hellip;]<\/p>\n","protected":false},"author":5,"featured_media":0,"parent":23,"menu_order":0,"comment_status":"closed","ping_status":"closed","template":"page-full-width.php","meta":{"ngg_post_thumbnail":0,"footnotes":""},"class_list":["post-76","page","type-page","status-publish","hentry"],"_links":{"self":[{"href":"http:\/\/www.zssv-illerberg-thal.de\/index.php?rest_route=\/wp\/v2\/pages\/76","targetHints":{"allow":["GET"]}}],"collection":[{"href":"http:\/\/www.zssv-illerberg-thal.de\/index.php?rest_route=\/wp\/v2\/pages"}],"about":[{"href":"http:\/\/www.zssv-illerberg-thal.de\/index.php?rest_route=\/wp\/v2\/types\/page"}],"author":[{"embeddable":true,"href":"http:\/\/www.zssv-illerberg-thal.de\/index.php?rest_route=\/wp\/v2\/users\/5"}],"replies":[{"embeddable":true,"href":"http:\/\/www.zssv-illerberg-thal.de\/index.php?rest_route=%2Fwp%2Fv2%2Fcomments&post=76"}],"version-history":[{"count":17,"href":"http:\/\/www.zssv-illerberg-thal.de\/index.php?rest_route=\/wp\/v2\/pages\/76\/revisions"}],"predecessor-version":[{"id":8068,"href":"http:\/\/www.zssv-illerberg-thal.de\/index.php?rest_route=\/wp\/v2\/pages\/76\/revisions\/8068"}],"up":[{"embeddable":true,"href":"http:\/\/www.zssv-illerberg-thal.de\/index.php?rest_route=\/wp\/v2\/pages\/23"}],"wp:attachment":[{"href":"http:\/\/www.zssv-illerberg-thal.de\/index.php?rest_route=%2Fwp%2Fv2%2Fmedia&parent=76"}],"curies":[{"name":"wp","href":"https:\/\/api.w.org\/{rel}","templated":true}]}}