{"id":713,"date":"2011-11-18T22:13:12","date_gmt":"2011-11-18T21:13:12","guid":{"rendered":"http:\/\/www.zssv-illerberg-thal.de\/?page_id=713"},"modified":"2024-12-09T20:19:57","modified_gmt":"2024-12-09T19:19:57","slug":"schutzenkonige-luftpistole","status":"publish","type":"page","link":"http:\/\/www.zssv-illerberg-thal.de\/?page_id=713","title":{"rendered":"Luftpistole"},"content":{"rendered":"<table style=\"height: 1246px;\" width=\"535\">\n<tbody>\n<tr>\n<td>1983<\/td>\n<td>Ment Martin<\/td>\n<\/tr>\n<tr>\n<td>1984<\/td>\n<td>Schneider Emmerich<\/td>\n<\/tr>\n<tr>\n<td>1985<\/td>\n<td>B\u00f6ck Rudolf<\/td>\n<\/tr>\n<tr>\n<td>1986<\/td>\n<td>B\u00f6ck Rudolf<\/td>\n<\/tr>\n<tr>\n<td>1987<\/td>\n<td>B\u00f6ck Rudolf<\/td>\n<\/tr>\n<tr>\n<td>1988<\/td>\n<td>B\u00f6ck Rudolf<\/td>\n<\/tr>\n<tr>\n<td>1989<\/td>\n<td>Kleiser Hermann<\/td>\n<\/tr>\n<tr>\n<td>1990<\/td>\n<td>Kleiser Hermann<\/td>\n<\/tr>\n<tr>\n<td>1991<\/td>\n<td>Bezet Eugen<\/td>\n<\/tr>\n<tr>\n<td>1992<\/td>\n<td>B\u00f6ck Margot<\/td>\n<\/tr>\n<tr>\n<td>1993<\/td>\n<td>Kleiser Hermann<\/td>\n<\/tr>\n<tr>\n<td>1994<\/td>\n<td>Schrapp Andreas<\/td>\n<\/tr>\n<tr>\n<td>1995<\/td>\n<td>B\u00f6ck Rudolf<\/td>\n<\/tr>\n<tr>\n<td>1996<\/td>\n<td>Ment Martin<\/td>\n<\/tr>\n<tr>\n<td>1997<\/td>\n<td>Bischoff Roland<\/td>\n<\/tr>\n<tr>\n<td>1998<\/td>\n<td>Bathray Stefan<\/td>\n<\/tr>\n<tr>\n<td>1999<\/td>\n<td>Wagner Christian<\/td>\n<\/tr>\n<tr>\n<td>2000<\/td>\n<td>Schrapp Andreas<\/td>\n<\/tr>\n<tr>\n<td>2001<\/td>\n<td>Bathray Stefan<\/td>\n<\/tr>\n<tr>\n<td>2002<\/td>\n<td>Kleiser Hermann<\/td>\n<\/tr>\n<tr>\n<td>2003<\/td>\n<td>B\u00f6ck Rudolf<\/td>\n<\/tr>\n<tr>\n<td>2004<\/td>\n<td>Bischoff Roland<\/td>\n<\/tr>\n<tr>\n<td>2005<\/td>\n<td>Bathray Stefan<\/td>\n<\/tr>\n<tr>\n<td>2006<\/td>\n<td>Bischoff Roland<\/td>\n<\/tr>\n<tr>\n<td>2007<\/td>\n<td>Bathray Stephan<\/td>\n<\/tr>\n<tr>\n<td>2008<\/td>\n<td>Bischoff Roland<\/td>\n<\/tr>\n<tr>\n<td>2009<\/td>\n<td>Bischoff Roland<\/td>\n<\/tr>\n<tr>\n<td>2010<\/td>\n<td>Wagner Christian<\/td>\n<\/tr>\n<tr>\n<td>2011<\/td>\n<td>Bischoff Roland<\/td>\n<\/tr>\n<tr>\n<td>2012<\/td>\n<td>Schrapp Andreas<\/td>\n<\/tr>\n<tr>\n<td>2013<\/td>\n<td>Konrad Christian<\/td>\n<\/tr>\n<tr>\n<td>2014<\/td>\n<td>Bischoff Roland<\/td>\n<\/tr>\n<tr>\n<td>2015<\/td>\n<td>Konrad Christian<\/td>\n<\/tr>\n<tr>\n<td>2016<\/td>\n<td>Bischoff Roland<\/td>\n<\/tr>\n<tr>\n<td>2017<\/td>\n<td>B\u00f6ck Rudolf<\/td>\n<\/tr>\n<tr>\n<td>2018<\/td>\n<td>Sch\u00f6lzel Benjamin<\/td>\n<\/tr>\n<tr>\n<td>2019<\/td>\n<td>Ruhland Dirk<\/td>\n<\/tr>\n<tr>\n<td>2020<\/td>\n<td>B\u00f6ck Rudolf<\/td>\n<\/tr>\n<tr>\n<td>2021<\/td>\n<td>B\u00f6ck Rudolf<br \/>\n(2. Amtszeit, da wegen Corona kein K\u00f6nigschie\u00dfen m\u00f6glich war).<\/td>\n<\/tr>\n<tr>\n<td>2022<\/td>\n<td>Czernin Markus<\/td>\n<\/tr>\n<tr>\n<td>2023<\/td>\n<td>Ruhland Dirk<\/td>\n<\/tr>\n<tr>\n<td>2024<\/td>\n<td>Ruhland Dirk<\/td>\n<\/tr>\n<tr>\n<td>2025<\/td>\n<td>Epple J\u00fcrgen<\/td>\n<\/tr>\n<\/tbody>\n<\/table>\n<p>&nbsp;<\/p>\n<p><a href=\"http:\/\/www.zssv-illerberg-thal.de\/wp-content\/uploads\/2011\/11\/Kette-Pistolen.png\"><img loading=\"lazy\" decoding=\"async\" class=\"wp-image-1890 alignleft\" src=\"http:\/\/www.zssv-illerberg-thal.de\/wp-content\/uploads\/2011\/11\/Kette-Pistolen-164x300.png\" alt=\"\" width=\"343\" height=\"628\" srcset=\"http:\/\/www.zssv-illerberg-thal.de\/wp-content\/uploads\/2011\/11\/Kette-Pistolen-164x300.png 164w, http:\/\/www.zssv-illerberg-thal.de\/wp-content\/uploads\/2011\/11\/Kette-Pistolen-558x1024.png 558w, http:\/\/www.zssv-illerberg-thal.de\/wp-content\/uploads\/2011\/11\/Kette-Pistolen.png 591w\" sizes=\"auto, (max-width: 343px) 100vw, 343px\" \/><\/a><\/p>\n","protected":false},"excerpt":{"rendered":"<p>1983 Ment Martin 1984 Schneider Emmerich 1985 B\u00f6ck Rudolf 1986 B\u00f6ck Rudolf 1987 B\u00f6ck Rudolf 1988 B\u00f6ck Rudolf 1989 Kleiser Hermann 1990 Kleiser Hermann 1991 Bezet Eugen 1992 B\u00f6ck Margot 1993 Kleiser Hermann 1994 Schrapp Andreas 1995 B\u00f6ck Rudolf 1996 Ment Martin 1997 Bischoff Roland 1998 Bathray Stefan 1999 Wagner Christian 2000 Schrapp Andreas 2001 [&hellip;]<\/p>\n","protected":false},"author":2,"featured_media":0,"parent":237,"menu_order":2,"comment_status":"closed","ping_status":"closed","template":"","meta":{"ngg_post_thumbnail":0,"footnotes":""},"class_list":["post-713","page","type-page","status-publish","hentry"],"_links":{"self":[{"href":"http:\/\/www.zssv-illerberg-thal.de\/index.php?rest_route=\/wp\/v2\/pages\/713","targetHints":{"allow":["GET"]}}],"collection":[{"href":"http:\/\/www.zssv-illerberg-thal.de\/index.php?rest_route=\/wp\/v2\/pages"}],"about":[{"href":"http:\/\/www.zssv-illerberg-thal.de\/index.php?rest_route=\/wp\/v2\/types\/page"}],"author":[{"embeddable":true,"href":"http:\/\/www.zssv-illerberg-thal.de\/index.php?rest_route=\/wp\/v2\/users\/2"}],"replies":[{"embeddable":true,"href":"http:\/\/www.zssv-illerberg-thal.de\/index.php?rest_route=%2Fwp%2Fv2%2Fcomments&post=713"}],"version-history":[{"count":28,"href":"http:\/\/www.zssv-illerberg-thal.de\/index.php?rest_route=\/wp\/v2\/pages\/713\/revisions"}],"predecessor-version":[{"id":9746,"href":"http:\/\/www.zssv-illerberg-thal.de\/index.php?rest_route=\/wp\/v2\/pages\/713\/revisions\/9746"}],"up":[{"embeddable":true,"href":"http:\/\/www.zssv-illerberg-thal.de\/index.php?rest_route=\/wp\/v2\/pages\/237"}],"wp:attachment":[{"href":"http:\/\/www.zssv-illerberg-thal.de\/index.php?rest_route=%2Fwp%2Fv2%2Fmedia&parent=713"}],"curies":[{"name":"wp","href":"https:\/\/api.w.org\/{rel}","templated":true}]}}