{"id":5838,"date":"2017-07-04T09:56:10","date_gmt":"2017-07-04T07:56:10","guid":{"rendered":"http:\/\/www.zssv-illerberg-thal.de\/?page_id=5838"},"modified":"2017-08-01T14:28:39","modified_gmt":"2017-08-01T12:28:39","slug":"einweihungsfeier-unseres-bogenheims-20-jahre-boellergruppe","status":"publish","type":"page","link":"http:\/\/www.zssv-illerberg-thal.de\/?page_id=5838","title":{"rendered":"Einweihung Bogenheim \/\/ 20 Jahre B\u00f6llergruppe"},"content":{"rendered":"<p>Am 01.07.17 fand die Einweihungsfeier von unserem Bogenheim, dem Domizil unserer Bogengruppe statt.<br \/>\nB\u00fcrgermeister Karl Janson, Gausch\u00fctzenmeister Georg Nothelfer sowie die Vorst\u00e4nden von unseren Patenvereinen gratulierten zur Einweihung. Kaplan Simon Stegm\u00fcller sprach dem neuen Bogenheim seinen Segen aus und segnete zudem noch ein Kreuz das in unserem Bogenheim aufgeh\u00e4ngt werden wird.<\/p>\n<p>Gemeinsam mit der Einweihung feierten auch unsere B\u00f6llersch\u00fctzen. Sie haben in diesem Jahr ihr 20-j\u00e4hriges Gr\u00fcndungsjubil\u00e4um.<br \/>\nZu diesem Anlass wurden auch befreundete B\u00f6llergruppen aus den Sch\u00fctzengauen Iller-Illertissen und umliegenden Gauen eingeladen.<br \/>\nDie \u00fcber 40 anwesenden Sch\u00fctzen liessen ihre B\u00f6ller erklingen und feierten mit Reihen- und Salutsch\u00fcssen,die weit \u00fcber die Grenzen von Illerberg und Thal noch zu h\u00f6ren waren.<\/p>\n<p>Im Anschluss Fotos vom Fest und Videos des B\u00f6llerschiessens.<\/p>\nngg_shortcode_0_placeholder\n<p>&nbsp;<\/p>\n<div style=\"width: 640px;\" class=\"wp-video\"><video class=\"wp-video-shortcode\" id=\"video-5838-1\" width=\"640\" height=\"362\" preload=\"metadata\" controls=\"controls\"><source type=\"video\/mp4\" src=\"http:\/\/www.zssv-illerberg-thal.de\/wp-content\/uploads\/2017\/07\/WhatsApp-Video-2017-07-01-at-19.52.25-1.mp4?_=1\" \/><a href=\"http:\/\/www.zssv-illerberg-thal.de\/wp-content\/uploads\/2017\/07\/WhatsApp-Video-2017-07-01-at-19.52.25-1.mp4\">http:\/\/www.zssv-illerberg-thal.de\/wp-content\/uploads\/2017\/07\/WhatsApp-Video-2017-07-01-at-19.52.25-1.mp4<\/a><\/video><\/div>\n<div style=\"width: 640px;\" class=\"wp-video\"><video class=\"wp-video-shortcode\" id=\"video-5838-2\" width=\"640\" height=\"362\" preload=\"metadata\" controls=\"controls\"><source type=\"video\/mp4\" src=\"http:\/\/www.zssv-illerberg-thal.de\/wp-content\/uploads\/2017\/07\/WhatsApp-Video-2017-07-01-at-19.52.25-2.mp4?_=2\" \/><a href=\"http:\/\/www.zssv-illerberg-thal.de\/wp-content\/uploads\/2017\/07\/WhatsApp-Video-2017-07-01-at-19.52.25-2.mp4\">http:\/\/www.zssv-illerberg-thal.de\/wp-content\/uploads\/2017\/07\/WhatsApp-Video-2017-07-01-at-19.52.25-2.mp4<\/a><\/video><\/div>\n<div style=\"width: 640px;\" class=\"wp-video\"><video class=\"wp-video-shortcode\" id=\"video-5838-3\" width=\"640\" height=\"362\" preload=\"metadata\" controls=\"controls\"><source type=\"video\/mp4\" src=\"http:\/\/www.zssv-illerberg-thal.de\/wp-content\/uploads\/2017\/07\/WhatsApp-Video-2017-07-01-at-19.52.39-1.mp4?_=3\" \/><a href=\"http:\/\/www.zssv-illerberg-thal.de\/wp-content\/uploads\/2017\/07\/WhatsApp-Video-2017-07-01-at-19.52.39-1.mp4\">http:\/\/www.zssv-illerberg-thal.de\/wp-content\/uploads\/2017\/07\/WhatsApp-Video-2017-07-01-at-19.52.39-1.mp4<\/a><\/video><\/div>\n<div style=\"width: 640px;\" class=\"wp-video\"><video class=\"wp-video-shortcode\" id=\"video-5838-4\" width=\"640\" height=\"362\" preload=\"metadata\" controls=\"controls\"><source type=\"video\/mp4\" src=\"http:\/\/www.zssv-illerberg-thal.de\/wp-content\/uploads\/2017\/07\/WhatsApp-Video-2017-07-01-at-19.52.39-2.mp4?_=4\" \/><a href=\"http:\/\/www.zssv-illerberg-thal.de\/wp-content\/uploads\/2017\/07\/WhatsApp-Video-2017-07-01-at-19.52.39-2.mp4\">http:\/\/www.zssv-illerberg-thal.de\/wp-content\/uploads\/2017\/07\/WhatsApp-Video-2017-07-01-at-19.52.39-2.mp4<\/a><\/video><\/div>\n<div style=\"width: 640px;\" class=\"wp-video\"><video class=\"wp-video-shortcode\" id=\"video-5838-5\" width=\"640\" height=\"362\" preload=\"metadata\" controls=\"controls\"><source type=\"video\/mp4\" src=\"http:\/\/www.zssv-illerberg-thal.de\/wp-content\/uploads\/2017\/07\/WhatsApp-Video-2017-07-01-at-19.52.39.mp4?_=5\" \/><a href=\"http:\/\/www.zssv-illerberg-thal.de\/wp-content\/uploads\/2017\/07\/WhatsApp-Video-2017-07-01-at-19.52.39.mp4\">http:\/\/www.zssv-illerberg-thal.de\/wp-content\/uploads\/2017\/07\/WhatsApp-Video-2017-07-01-at-19.52.39.mp4<\/a><\/video><\/div>\n<div style=\"width: 640px;\" class=\"wp-video\"><video class=\"wp-video-shortcode\" id=\"video-5838-6\" width=\"640\" height=\"352\" preload=\"metadata\" controls=\"controls\"><source type=\"video\/mp4\" src=\"http:\/\/www.zssv-illerberg-thal.de\/wp-content\/uploads\/2017\/07\/WhatsApp-Video-2017-07-02-at-10.56.25.mp4?_=6\" \/><a href=\"http:\/\/www.zssv-illerberg-thal.de\/wp-content\/uploads\/2017\/07\/WhatsApp-Video-2017-07-02-at-10.56.25.mp4\">http:\/\/www.zssv-illerberg-thal.de\/wp-content\/uploads\/2017\/07\/WhatsApp-Video-2017-07-02-at-10.56.25.mp4<\/a><\/video><\/div>\n","protected":false},"excerpt":{"rendered":"<p>Am 01.07.17 fand die Einweihungsfeier von unserem Bogenheim, dem Domizil unserer Bogengruppe statt. B\u00fcrgermeister Karl Janson, Gausch\u00fctzenmeister Georg Nothelfer sowie die Vorst\u00e4nden von unseren Patenvereinen gratulierten zur Einweihung. Kaplan Simon Stegm\u00fcller sprach dem neuen Bogenheim seinen Segen aus und segnete zudem noch ein Kreuz das in unserem Bogenheim aufgeh\u00e4ngt werden wird. Gemeinsam mit der Einweihung [&hellip;]<\/p>\n","protected":false},"author":5,"featured_media":0,"parent":0,"menu_order":0,"comment_status":"closed","ping_status":"closed","template":"","meta":{"ngg_post_thumbnail":0,"footnotes":""},"class_list":["post-5838","page","type-page","status-publish","hentry"],"_links":{"self":[{"href":"http:\/\/www.zssv-illerberg-thal.de\/index.php?rest_route=\/wp\/v2\/pages\/5838","targetHints":{"allow":["GET"]}}],"collection":[{"href":"http:\/\/www.zssv-illerberg-thal.de\/index.php?rest_route=\/wp\/v2\/pages"}],"about":[{"href":"http:\/\/www.zssv-illerberg-thal.de\/index.php?rest_route=\/wp\/v2\/types\/page"}],"author":[{"embeddable":true,"href":"http:\/\/www.zssv-illerberg-thal.de\/index.php?rest_route=\/wp\/v2\/users\/5"}],"replies":[{"embeddable":true,"href":"http:\/\/www.zssv-illerberg-thal.de\/index.php?rest_route=%2Fwp%2Fv2%2Fcomments&post=5838"}],"version-history":[{"count":29,"href":"http:\/\/www.zssv-illerberg-thal.de\/index.php?rest_route=\/wp\/v2\/pages\/5838\/revisions"}],"predecessor-version":[{"id":6669,"href":"http:\/\/www.zssv-illerberg-thal.de\/index.php?rest_route=\/wp\/v2\/pages\/5838\/revisions\/6669"}],"wp:attachment":[{"href":"http:\/\/www.zssv-illerberg-thal.de\/index.php?rest_route=%2Fwp%2Fv2%2Fmedia&parent=5838"}],"curies":[{"name":"wp","href":"https:\/\/api.w.org\/{rel}","templated":true}]}}