{"id":49,"date":"2011-05-01T15:35:14","date_gmt":"2011-05-01T13:35:14","guid":{"rendered":"http:\/\/zssv-illerberg-thal.de\/blog\/?page_id=49"},"modified":"2024-01-09T08:25:46","modified_gmt":"2024-01-09T07:25:46","slug":"vorstand","status":"publish","type":"page","link":"http:\/\/www.zssv-illerberg-thal.de\/?page_id=49","title":{"rendered":"Vorstand"},"content":{"rendered":"<h2><a href=\"http:\/\/www.zssv-illerberg-thal.de\/wp-content\/uploads\/2024\/01\/vorstand2.jpg\"><img loading=\"lazy\" decoding=\"async\" class=\"alignnone wp-image-9395\" src=\"http:\/\/www.zssv-illerberg-thal.de\/wp-content\/uploads\/2024\/01\/vorstand2.jpg\" alt=\"\" width=\"158\" height=\"189\" srcset=\"http:\/\/www.zssv-illerberg-thal.de\/wp-content\/uploads\/2024\/01\/vorstand2.jpg 561w, http:\/\/www.zssv-illerberg-thal.de\/wp-content\/uploads\/2024\/01\/vorstand2-250x300.jpg 250w\" sizes=\"auto, (max-width: 158px) 100vw, 158px\" \/><\/a><a href=\"http:\/\/www.zssv-illerberg-thal.de\/wp-content\/uploads\/2011\/05\/vorstandwebsite.jpg\">&nbsp;<\/a><em><strong>Dirk Ruhland<\/strong><\/em><\/h2>\n<p>&nbsp;<\/p>\n<p>In unserem Verein haben wir nach meiner Meinung den Spagat zwischen leistungsorientiertem Wettkampfsport mit hochmodernen Sportwaffen und die Traditionspflege hervorragend gemeistert.<br \/>\nWir f\u00fchlen uns in unseren traditionellen Trachten ebenso wohl wie am Schiessstand in unserer Schiesskleidung.<br \/>\nAuch die Mischung von alt und jung und das Mitwirken am kulturellen Leben in Illerberg und Thal und unserer Stadt V\u00f6hringen liegt uns sehr am Herzen.<\/p>\n<p>Wer uns kennt, der weiss, dass f\u00fcr uns Kameradschaft nicht nur ein Wort ist, sondern eine Lebenseinstellung. Ich bin der Meinung, dass gerade dies uns als Sch\u00fctzenverein ausmacht.<\/p>\n<p>In unserem Verein haben wir sowohl aktive &#8222;junggebliebene&#8220; Auflagesch\u00fctzen wie auch eine sehr aktive Sch\u00fctzenjugend. Auch unsere B\u00f6llergruppe ist weit \u00fcber unsere Gaugrenzen hinaus bekannt und aktiv.<\/p>\n<p>Wir w\u00fcrden uns freuen, Sie als neues Mitglied in unserem ZSSV begr\u00fc\u00dfen zu d\u00fcrfen.<\/p>\n<p><em><strong>Dirk Ruhland<br \/>\n<\/strong>Vorstand des ZSSV Illerberg-Thal e.V.<\/em><\/p>\n","protected":false},"excerpt":{"rendered":"<p>&nbsp;Dirk Ruhland &nbsp; In unserem Verein haben wir nach meiner Meinung den Spagat zwischen leistungsorientiertem Wettkampfsport mit hochmodernen Sportwaffen und die Traditionspflege hervorragend gemeistert. Wir f\u00fchlen uns in unseren traditionellen Trachten ebenso wohl wie am Schiessstand in unserer Schiesskleidung. Auch die Mischung von alt und jung und das Mitwirken am kulturellen Leben in Illerberg und [&hellip;]<\/p>\n","protected":false},"author":5,"featured_media":0,"parent":25,"menu_order":1,"comment_status":"closed","ping_status":"closed","template":"page-full-width.php","meta":{"ngg_post_thumbnail":0,"footnotes":""},"class_list":["post-49","page","type-page","status-publish","hentry"],"_links":{"self":[{"href":"http:\/\/www.zssv-illerberg-thal.de\/index.php?rest_route=\/wp\/v2\/pages\/49","targetHints":{"allow":["GET"]}}],"collection":[{"href":"http:\/\/www.zssv-illerberg-thal.de\/index.php?rest_route=\/wp\/v2\/pages"}],"about":[{"href":"http:\/\/www.zssv-illerberg-thal.de\/index.php?rest_route=\/wp\/v2\/types\/page"}],"author":[{"embeddable":true,"href":"http:\/\/www.zssv-illerberg-thal.de\/index.php?rest_route=\/wp\/v2\/users\/5"}],"replies":[{"embeddable":true,"href":"http:\/\/www.zssv-illerberg-thal.de\/index.php?rest_route=%2Fwp%2Fv2%2Fcomments&post=49"}],"version-history":[{"count":40,"href":"http:\/\/www.zssv-illerberg-thal.de\/index.php?rest_route=\/wp\/v2\/pages\/49\/revisions"}],"predecessor-version":[{"id":9397,"href":"http:\/\/www.zssv-illerberg-thal.de\/index.php?rest_route=\/wp\/v2\/pages\/49\/revisions\/9397"}],"up":[{"embeddable":true,"href":"http:\/\/www.zssv-illerberg-thal.de\/index.php?rest_route=\/wp\/v2\/pages\/25"}],"wp:attachment":[{"href":"http:\/\/www.zssv-illerberg-thal.de\/index.php?rest_route=%2Fwp%2Fv2%2Fmedia&parent=49"}],"curies":[{"name":"wp","href":"https:\/\/api.w.org\/{rel}","templated":true}]}}