{"id":4499,"date":"2017-02-14T21:01:52","date_gmt":"2017-02-14T20:01:52","guid":{"rendered":"http:\/\/www.zssv-illerberg-thal.de\/?page_id=4499"},"modified":"2026-03-22T19:25:15","modified_gmt":"2026-03-22T18:25:15","slug":"termine","status":"publish","type":"page","link":"http:\/\/www.zssv-illerberg-thal.de\/?page_id=4499","title":{"rendered":"Termine"},"content":{"rendered":"<h3>Vereinsinterne und externe Termine<br \/>\ndes ZSSV Jllerberg\/Thal e.V. im Jahr 2026 und 2027<\/h3>\n<p>&nbsp;<\/p>\n<table style=\"height: 546px;\" width=\"649\">\n<tbody>\n<tr>\n<td><strong>28.03.2026<\/strong><\/td>\n<td>Gaugeneralversammlung in Illertissen<\/td>\n<\/tr>\n<tr>\n<td><strong>24.04.2026<\/strong><\/td>\n<td>Generalversammlung ZSSV mit Neuwahlen<\/td>\n<\/tr>\n<tr>\n<td><strong>30.04.2026<\/strong><\/td>\n<td>Maibaumfeier<\/td>\n<\/tr>\n<tr>\n<td><strong>18.07.2026<\/strong><\/td>\n<td>Sommerfest des ZSSV<\/td>\n<\/tr>\n<tr>\n<td><strong>13.09.2026<\/strong><\/td>\n<td>150 Jahre Soldatenbund Illerberg\/Thal<\/td>\n<\/tr>\n<tr>\n<td><strong>14.11.2026<\/strong><\/td>\n<td>Volkstrauertag<\/td>\n<\/tr>\n<tr>\n<td><strong>28.11.2026<\/strong><\/td>\n<td>Weihnachtsfeier mit K\u00f6nigsproklamation<\/td>\n<\/tr>\n<tr>\n<td><strong>04.-06.12.2026<\/strong><\/td>\n<td>Adventsmarkt in V\u00f6hringen<\/td>\n<\/tr>\n<tr>\n<td>&nbsp;<\/td>\n<td>&nbsp;<\/td>\n<\/tr>\n<tr>\n<td><strong>Termine 2027<\/strong><\/td>\n<td>&nbsp;<\/td>\n<\/tr>\n<tr>\n<td>21.03.2027<\/td>\n<td>Ostereierschie\u00dfen<\/td>\n<\/tr>\n<tr>\n<td>02.04.2027<\/td>\n<td>Generalversammlung<\/td>\n<\/tr>\n<tr>\n<td>17.07.2027<\/td>\n<td>Sommerfest des ZSSV<\/td>\n<\/tr>\n<tr>\n<td>27.11.2027<\/td>\n<td>Weihnachtsfeier des ZSSV<\/td>\n<\/tr>\n<tr>\n<td>&nbsp;<\/td>\n<td>&nbsp;<\/td>\n<\/tr>\n<tr>\n<td>&nbsp;<\/td>\n<td>&nbsp;<\/td>\n<\/tr>\n<\/tbody>\n<\/table>\n","protected":false},"excerpt":{"rendered":"<p>Vereinsinterne und externe Termine des ZSSV Jllerberg\/Thal e.V. im Jahr 2026 und 2027 &nbsp; 28.03.2026 Gaugeneralversammlung in Illertissen 24.04.2026 Generalversammlung ZSSV mit Neuwahlen 30.04.2026 Maibaumfeier 18.07.2026 Sommerfest des ZSSV 13.09.2026 150 Jahre Soldatenbund Illerberg\/Thal 14.11.2026 Volkstrauertag 28.11.2026 Weihnachtsfeier mit K\u00f6nigsproklamation 04.-06.12.2026 Adventsmarkt in V\u00f6hringen &nbsp; &nbsp; Termine 2027 &nbsp; 21.03.2027 Ostereierschie\u00dfen 02.04.2027 Generalversammlung 17.07.2027 Sommerfest [&hellip;]<\/p>\n","protected":false},"author":2,"featured_media":0,"parent":0,"menu_order":0,"comment_status":"closed","ping_status":"closed","template":"","meta":{"ngg_post_thumbnail":0,"footnotes":""},"class_list":["post-4499","page","type-page","status-publish","hentry"],"_links":{"self":[{"href":"http:\/\/www.zssv-illerberg-thal.de\/index.php?rest_route=\/wp\/v2\/pages\/4499","targetHints":{"allow":["GET"]}}],"collection":[{"href":"http:\/\/www.zssv-illerberg-thal.de\/index.php?rest_route=\/wp\/v2\/pages"}],"about":[{"href":"http:\/\/www.zssv-illerberg-thal.de\/index.php?rest_route=\/wp\/v2\/types\/page"}],"author":[{"embeddable":true,"href":"http:\/\/www.zssv-illerberg-thal.de\/index.php?rest_route=\/wp\/v2\/users\/2"}],"replies":[{"embeddable":true,"href":"http:\/\/www.zssv-illerberg-thal.de\/index.php?rest_route=%2Fwp%2Fv2%2Fcomments&post=4499"}],"version-history":[{"count":97,"href":"http:\/\/www.zssv-illerberg-thal.de\/index.php?rest_route=\/wp\/v2\/pages\/4499\/revisions"}],"predecessor-version":[{"id":10025,"href":"http:\/\/www.zssv-illerberg-thal.de\/index.php?rest_route=\/wp\/v2\/pages\/4499\/revisions\/10025"}],"wp:attachment":[{"href":"http:\/\/www.zssv-illerberg-thal.de\/index.php?rest_route=%2Fwp%2Fv2%2Fmedia&parent=4499"}],"curies":[{"name":"wp","href":"https:\/\/api.w.org\/{rel}","templated":true}]}}