{"id":301,"date":"2011-06-06T19:57:03","date_gmt":"2011-06-06T17:57:03","guid":{"rendered":"http:\/\/www.zssv-illerberg-thal.de\/?page_id=301"},"modified":"2024-12-09T20:19:02","modified_gmt":"2024-12-09T19:19:02","slug":"schutzenkonige","status":"publish","type":"page","link":"http:\/\/www.zssv-illerberg-thal.de\/?page_id=301","title":{"rendered":"Allgemeine Klasse"},"content":{"rendered":"<table style=\"height: 2379px;\" width=\"520\">\n<tbody>\n<tr>\n<td>1912<\/td>\n<td>Fischbach Wunibald<\/td>\n<\/tr>\n<tr>\n<td>1913<\/td>\n<td>Pregel Dyonis<\/td>\n<\/tr>\n<tr>\n<td>1914<\/td>\n<td>Thoma Max<\/td>\n<\/tr>\n<tr>\n<td>1925<\/td>\n<td>Rothenbacher Philipp<\/td>\n<\/tr>\n<tr>\n<td>1927<\/td>\n<td>Hermann Josef<\/td>\n<\/tr>\n<tr>\n<td>1934<\/td>\n<td>Holl Johann<\/td>\n<\/tr>\n<tr>\n<td>1935<\/td>\n<td>Lieble Valentin<\/td>\n<\/tr>\n<tr>\n<td>1936<\/td>\n<td>Lieble Josef<\/td>\n<\/tr>\n<tr>\n<td>1937<\/td>\n<td>Thoma Max<\/td>\n<\/tr>\n<tr>\n<td>1938<\/td>\n<td>Bilmayer Sebastian<\/td>\n<\/tr>\n<tr>\n<td>1939<\/td>\n<td>Engelhart Benno<\/td>\n<\/tr>\n<tr>\n<td>1951<\/td>\n<td>Lieble Xaver<\/td>\n<\/tr>\n<tr>\n<td>1952<\/td>\n<td>Hermann Hugo<\/td>\n<\/tr>\n<tr>\n<td>1953<\/td>\n<td>Jehle Josef<\/td>\n<\/tr>\n<tr>\n<td>1954<\/td>\n<td>St\u00f6lzle Anton<\/td>\n<\/tr>\n<tr>\n<td>1955<\/td>\n<td>Jehle Josef<\/td>\n<\/tr>\n<tr>\n<td>1956<\/td>\n<td>Stegmann Alois<\/td>\n<\/tr>\n<tr>\n<td>1957<\/td>\n<td>Lieble Xaver<\/td>\n<\/tr>\n<tr>\n<td>1958<\/td>\n<td>Blaschek Rudolf<\/td>\n<\/tr>\n<tr>\n<td>1959<\/td>\n<td>St\u00f6lzle Martin<\/td>\n<\/tr>\n<tr>\n<td>1960<\/td>\n<td>Mersch Josef<\/td>\n<\/tr>\n<tr>\n<td>1961<\/td>\n<td>Jehle Eugen<\/td>\n<\/tr>\n<tr>\n<td>1962<\/td>\n<td>Jehle Eugen<\/td>\n<\/tr>\n<tr>\n<td>1963<\/td>\n<td>Rampp Ottmar<\/td>\n<\/tr>\n<tr>\n<td>1964<\/td>\n<td>Uns\u00f6ld Clemens<\/td>\n<\/tr>\n<tr>\n<td>1965<\/td>\n<td>Jehle Eugen<\/td>\n<\/tr>\n<tr>\n<td>1966<\/td>\n<td>Dauner Heribert<\/td>\n<\/tr>\n<tr>\n<td>1967<\/td>\n<td>Dambacher Rudolf<\/td>\n<\/tr>\n<tr>\n<td>1968<\/td>\n<td>Riedl Anton<\/td>\n<\/tr>\n<tr>\n<td>1969<\/td>\n<td>Blaschek G\u00fcnther<\/td>\n<\/tr>\n<tr>\n<td>1970<\/td>\n<td>Hermann Hugo<\/td>\n<\/tr>\n<tr>\n<td>1971<\/td>\n<td>Dauner Lorenz<\/td>\n<\/tr>\n<tr>\n<td>1972<\/td>\n<td>Jehle Josef<\/td>\n<\/tr>\n<tr>\n<td>1973<\/td>\n<td>Musikant Michael<\/td>\n<\/tr>\n<tr>\n<td>1974<\/td>\n<td>Riedl Anton<\/td>\n<\/tr>\n<tr>\n<td>1975<\/td>\n<td>Renz Thomas<\/td>\n<\/tr>\n<tr>\n<td>1976<\/td>\n<td>B\u00f6ck Anton<\/td>\n<\/tr>\n<tr>\n<td>1977<\/td>\n<td>Blaschek G\u00fcnther<\/td>\n<\/tr>\n<tr>\n<td>1978<\/td>\n<td>Renz Thomas<\/td>\n<\/tr>\n<tr>\n<td>1979<\/td>\n<td>B\u00f6ck Brunhilde<\/td>\n<\/tr>\n<tr>\n<td>1980<\/td>\n<td>Lieble Xaver<\/td>\n<\/tr>\n<tr>\n<td>1981<\/td>\n<td>Dauner Heribert<\/td>\n<\/tr>\n<tr>\n<td>1982<\/td>\n<td>Renz Thomas<\/td>\n<\/tr>\n<tr>\n<td>1983<\/td>\n<td>Scheiffele Alois<\/td>\n<\/tr>\n<tr>\n<td>1984<\/td>\n<td>Schrapp Anton<\/td>\n<\/tr>\n<tr>\n<td>1985<\/td>\n<td>Wolf Franz<\/td>\n<\/tr>\n<tr>\n<td>1986<\/td>\n<td>Hermann Josef<\/td>\n<\/tr>\n<tr>\n<td>1987<\/td>\n<td>Schrapp Anton<\/td>\n<\/tr>\n<tr>\n<td>1988<\/td>\n<td>Lieble Martin<\/td>\n<\/tr>\n<tr>\n<td>1989<\/td>\n<td>Grathwohl Anneliese<\/td>\n<\/tr>\n<tr>\n<td>1990<\/td>\n<td>Eberle J\u00fcrgen<\/td>\n<\/tr>\n<tr>\n<td>1991<\/td>\n<td>Schrapp Anton<\/td>\n<\/tr>\n<tr>\n<td>1992<\/td>\n<td>Kleiser Hermann<\/td>\n<\/tr>\n<tr>\n<td>1993<\/td>\n<td>Schrapp Walter<\/td>\n<\/tr>\n<tr>\n<td>1994<\/td>\n<td>Roth Anton<\/td>\n<\/tr>\n<tr>\n<td>1995<\/td>\n<td>Scheiffele Alois<\/td>\n<\/tr>\n<tr>\n<td>1996<\/td>\n<td>Eberle J\u00fcrgen<\/td>\n<\/tr>\n<tr>\n<td>1997<\/td>\n<td>Sauter Reinhold<\/td>\n<\/tr>\n<tr>\n<td>1998<\/td>\n<td>Schrapp Tobias<\/td>\n<\/tr>\n<tr>\n<td>1999<\/td>\n<td>B\u00f6ck Anton<\/td>\n<\/tr>\n<tr>\n<td>2000<\/td>\n<td>Wagner Herlinde<\/td>\n<\/tr>\n<tr>\n<td>2001<\/td>\n<td>Eberle J\u00fcrgen<\/td>\n<\/tr>\n<tr>\n<td>2002<\/td>\n<td>Burkhard Gregor<\/td>\n<\/tr>\n<tr>\n<td>2003<\/td>\n<td>Eberle J\u00fcrgen<\/td>\n<\/tr>\n<tr>\n<td>2004<\/td>\n<td>Wagner Herlinde<\/td>\n<\/tr>\n<tr>\n<td>2005<\/td>\n<td>B\u00f6ck Brunhilde<\/td>\n<\/tr>\n<tr>\n<td>2006<\/td>\n<td>Dauner Heribert<\/td>\n<\/tr>\n<tr>\n<td>2007<\/td>\n<td>Eberle J\u00fcrgen<\/td>\n<\/tr>\n<tr>\n<td>2008<\/td>\n<td>Wagner Herlinde<\/td>\n<\/tr>\n<tr>\n<td>2009<\/td>\n<td>Dauner Heribert<\/td>\n<\/tr>\n<tr>\n<td>2010<\/td>\n<td>Birzele Iris<\/td>\n<\/tr>\n<tr>\n<td>2011<\/td>\n<td>Jekel Otto<\/td>\n<\/tr>\n<tr>\n<td>2012<\/td>\n<td>Wiesmaier Monika<\/td>\n<\/tr>\n<tr>\n<td>2013<\/td>\n<td>Dauner Heribert<\/td>\n<\/tr>\n<tr>\n<td>2014<\/td>\n<td>Schrapp Anton<\/td>\n<\/tr>\n<tr>\n<td>2015<\/td>\n<td>Lieble Johann<\/td>\n<\/tr>\n<tr>\n<td>2016<\/td>\n<td>Lieble Johann<\/td>\n<\/tr>\n<tr>\n<td>2017<\/td>\n<td>Keller-Epple Sabine<\/td>\n<\/tr>\n<tr>\n<td>2018<\/td>\n<td>Jekel Otto<\/td>\n<\/tr>\n<tr>\n<td>2019<\/td>\n<td>Willbold Ernst<\/td>\n<\/tr>\n<tr>\n<td>2020<\/td>\n<td>Keller-Epple Sabine<\/td>\n<\/tr>\n<tr>\n<td>2021<\/td>\n<td>Keller-Epple Sabine<br \/>\n(2. Amtszeit, da wegen Corona kein K\u00f6nigschie\u00dfen m\u00f6glich war).<\/td>\n<\/tr>\n<tr>\n<td>2022<\/td>\n<td>Keller-Epple Sabine<\/td>\n<\/tr>\n<tr>\n<td>2023<\/td>\n<td>Renz Thomas<\/td>\n<\/tr>\n<tr>\n<td>2024<\/td>\n<td>Ponzer Angela<\/td>\n<\/tr>\n<tr>\n<td>2025<\/td>\n<td>Keller-Epple Sabine<\/td>\n<\/tr>\n<\/tbody>\n<\/table>\n<p>&nbsp;<\/p>\n<p><a href=\"http:\/\/www.zssv-illerberg-thal.de\/wp-content\/uploads\/2017\/02\/Kette-Allgemeine-Klasse.png\"><img loading=\"lazy\" decoding=\"async\" class=\"alignnone wp-image-1907\" src=\"http:\/\/www.zssv-illerberg-thal.de\/wp-content\/uploads\/2017\/02\/Kette-Allgemeine-Klasse-172x300.png\" alt=\"\" width=\"343\" height=\"599\" srcset=\"http:\/\/www.zssv-illerberg-thal.de\/wp-content\/uploads\/2017\/02\/Kette-Allgemeine-Klasse-172x300.png 172w, http:\/\/www.zssv-illerberg-thal.de\/wp-content\/uploads\/2017\/02\/Kette-Allgemeine-Klasse.png 591w\" sizes=\"auto, (max-width: 343px) 100vw, 343px\" \/><\/a><\/p>\n<p>&nbsp;<\/p>\n<p>&nbsp;<\/p>\n","protected":false},"excerpt":{"rendered":"<p>1912 Fischbach Wunibald 1913 Pregel Dyonis 1914 Thoma Max 1925 Rothenbacher Philipp 1927 Hermann Josef 1934 Holl Johann 1935 Lieble Valentin 1936 Lieble Josef 1937 Thoma Max 1938 Bilmayer Sebastian 1939 Engelhart Benno 1951 Lieble Xaver 1952 Hermann Hugo 1953 Jehle Josef 1954 St\u00f6lzle Anton 1955 Jehle Josef 1956 Stegmann Alois 1957 Lieble Xaver 1958 [&hellip;]<\/p>\n","protected":false},"author":5,"featured_media":0,"parent":237,"menu_order":1,"comment_status":"closed","ping_status":"closed","template":"","meta":{"ngg_post_thumbnail":0,"footnotes":""},"class_list":["post-301","page","type-page","status-publish","hentry"],"_links":{"self":[{"href":"http:\/\/www.zssv-illerberg-thal.de\/index.php?rest_route=\/wp\/v2\/pages\/301","targetHints":{"allow":["GET"]}}],"collection":[{"href":"http:\/\/www.zssv-illerberg-thal.de\/index.php?rest_route=\/wp\/v2\/pages"}],"about":[{"href":"http:\/\/www.zssv-illerberg-thal.de\/index.php?rest_route=\/wp\/v2\/types\/page"}],"author":[{"embeddable":true,"href":"http:\/\/www.zssv-illerberg-thal.de\/index.php?rest_route=\/wp\/v2\/users\/5"}],"replies":[{"embeddable":true,"href":"http:\/\/www.zssv-illerberg-thal.de\/index.php?rest_route=%2Fwp%2Fv2%2Fcomments&post=301"}],"version-history":[{"count":25,"href":"http:\/\/www.zssv-illerberg-thal.de\/index.php?rest_route=\/wp\/v2\/pages\/301\/revisions"}],"predecessor-version":[{"id":9745,"href":"http:\/\/www.zssv-illerberg-thal.de\/index.php?rest_route=\/wp\/v2\/pages\/301\/revisions\/9745"}],"up":[{"embeddable":true,"href":"http:\/\/www.zssv-illerberg-thal.de\/index.php?rest_route=\/wp\/v2\/pages\/237"}],"wp:attachment":[{"href":"http:\/\/www.zssv-illerberg-thal.de\/index.php?rest_route=%2Fwp%2Fv2%2Fmedia&parent=301"}],"curies":[{"name":"wp","href":"https:\/\/api.w.org\/{rel}","templated":true}]}}