{"id":286,"date":"2011-06-06T19:42:46","date_gmt":"2011-06-06T17:42:46","guid":{"rendered":"http:\/\/www.zssv-illerberg-thal.de\/?page_id=286"},"modified":"2026-04-27T20:54:01","modified_gmt":"2026-04-27T18:54:01","slug":"personen","status":"publish","type":"page","link":"http:\/\/www.zssv-illerberg-thal.de\/?page_id=286","title":{"rendered":"Vorstandschaft"},"content":{"rendered":"<p><strong>Dirk Ruhland,<\/strong> Vorstand<br \/>\n86269 V\u00f6hringen<br \/>\nTelefon: (0 73 06) 92 46 20<br \/>\neMail: <a href=\"mailto:vorstand@zssv-illerberg-thal.de\">vorstand<\/a><a href=\"mailto:vorstand@zssv-illerberg-thal.de\">@zssv-illerberg-thal.de<\/a><\/p>\n<p><strong>Ingo Scheufele,<\/strong> 1. Sch\u00fctzenmeister<\/p>\n<p><strong>J\u00fcrgen Epple,<\/strong> 2. Sch\u00fctzenmeister<\/p>\n<p><strong><a href=\"mailto:sf@zssv-illerberg-thal.de\">Michelle Scheufele<\/a>,<\/strong> Schriftf\u00fchrerin<\/p>\n<p><strong>Thomas Renz,<\/strong> Kassier<\/p>\n<p><strong>J\u00fcrgen Eberle,<\/strong> 1. Jugendleiter<\/p>\n","protected":false},"excerpt":{"rendered":"<p>Dirk Ruhland, Vorstand 86269 V\u00f6hringen Telefon: (0 73 06) 92 46 20 eMail: vorstand@zssv-illerberg-thal.de Ingo Scheufele, 1. Sch\u00fctzenmeister J\u00fcrgen Epple, 2. Sch\u00fctzenmeister Michelle Scheufele, Schriftf\u00fchrerin Thomas Renz, Kassier J\u00fcrgen Eberle, 1. Jugendleiter<\/p>\n","protected":false},"author":5,"featured_media":0,"parent":284,"menu_order":0,"comment_status":"closed","ping_status":"closed","template":"page-full-width.php","meta":{"ngg_post_thumbnail":0,"footnotes":""},"class_list":["post-286","page","type-page","status-publish","hentry"],"_links":{"self":[{"href":"http:\/\/www.zssv-illerberg-thal.de\/index.php?rest_route=\/wp\/v2\/pages\/286","targetHints":{"allow":["GET"]}}],"collection":[{"href":"http:\/\/www.zssv-illerberg-thal.de\/index.php?rest_route=\/wp\/v2\/pages"}],"about":[{"href":"http:\/\/www.zssv-illerberg-thal.de\/index.php?rest_route=\/wp\/v2\/types\/page"}],"author":[{"embeddable":true,"href":"http:\/\/www.zssv-illerberg-thal.de\/index.php?rest_route=\/wp\/v2\/users\/5"}],"replies":[{"embeddable":true,"href":"http:\/\/www.zssv-illerberg-thal.de\/index.php?rest_route=%2Fwp%2Fv2%2Fcomments&post=286"}],"version-history":[{"count":23,"href":"http:\/\/www.zssv-illerberg-thal.de\/index.php?rest_route=\/wp\/v2\/pages\/286\/revisions"}],"predecessor-version":[{"id":10029,"href":"http:\/\/www.zssv-illerberg-thal.de\/index.php?rest_route=\/wp\/v2\/pages\/286\/revisions\/10029"}],"up":[{"embeddable":true,"href":"http:\/\/www.zssv-illerberg-thal.de\/index.php?rest_route=\/wp\/v2\/pages\/284"}],"wp:attachment":[{"href":"http:\/\/www.zssv-illerberg-thal.de\/index.php?rest_route=%2Fwp%2Fv2%2Fmedia&parent=286"}],"curies":[{"name":"wp","href":"https:\/\/api.w.org\/{rel}","templated":true}]}}