{"id":25,"date":"2011-05-01T15:23:56","date_gmt":"2011-05-01T13:23:56","guid":{"rendered":"http:\/\/zssv-illerberg-thal.de\/blog\/?page_id=25"},"modified":"2017-02-14T20:10:36","modified_gmt":"2017-02-14T19:10:36","slug":"der-verein","status":"publish","type":"page","link":"http:\/\/www.zssv-illerberg-thal.de\/?page_id=25","title":{"rendered":"Der Verein"},"content":{"rendered":"<p>Der Zimmerstutzen Sch\u00fctzenverein Illerberg-Thal e.V. wurde am 10. Februar 1907 gegr\u00fcndet und z\u00e4hlt zu den \u00e4ltesten Vereinen im Ortsteil der Stadt V\u00f6hringen. In seinem \u00fcber 100-j\u00e4hrigen Vereinsleben wurde stets allergr\u00f6\u00dfter Wert auf Tradition gelegt, die auch heute noch gepflegt wird. Ungef\u00e4hr 60 Trachtentr\u00e4gerinnen und Trachtentr\u00e4ger repr\u00e4sentieren den Verein in einer original schw\u00e4bischen und handgefertigten Tracht bei diversen Umz\u00fcgen, bei weltlichen und kirchlichen Veranstaltungen und Feierlichkeiten.<\/p>\n<p>Derzeit z\u00e4hlt der Verein rund 215 Mitglieder. Die aktiven Sch\u00fctzinnen und Sch\u00fctzen messen sich in den Disziplinen Luftpistole, Luftgewehr, Zimmerstutzen, Sportpistole usw. bei verschiedenen Schie\u00dfveranstaltungen. Intern wird j\u00e4hrlich das K\u00f6nigsschie\u00dfen, Pokalschie\u00dfen, Ostereierschie\u00dfen und Nikolausschie\u00dfen durchgef\u00fchrt. Extern bestreiten die aktiven Sch\u00fctzen diverse Rundenwettk\u00e4mpfe auf Gau- und Bezirksebene. Sie konnten sich auch schon zur schw\u00e4bischen, bayerischen, deutschen und sogar bis zur Europa-Meisterschaft qualifizieren.<\/p>\n<p>Seit 1997 nennt der Verein auch eine sehr aktive B\u00f6llergruppe mit fast 20 Sch\u00fctzen sein eigen, die mit ihren Handb\u00f6llern bei besonderen Veranstaltungen, Festen und Jubil\u00e4en in alter Tradition auftritt.<\/p>\n<p>Der ZSSV ist im Sch\u00fctzengau Iller-Illertissen mit einer der modernsten Schie\u00dfanlage ausgestattet, aber auch \u00fcber die Grenzen des Gaues hinaus wird der Verein um die 10 vollelektronischen Schie\u00dfst\u00e4nde beneidet.<\/p>\n<p>Das neu renovierte, sehr gem\u00fctliche Sch\u00fctzenheim wird ehrenamtlich in Eigenregie bewirtet und befindet sich im Kellergeschoss der Gastst\u00e4tte \u201eZum Hobel\u201c. Mittwochs und freitags l\u00e4dt es ein zum Training und anschlie\u00dfend zum gem\u00fctlichen Beisammensein.<\/p>\n<p>Anl\u00e4sslich des 100-j\u00e4hrigen Vereinsjubil\u00e4ums im Jahr 2007 wurde eine ausf\u00fchrliche und interessante Chronik mit vielen wertvollen Beitr\u00e4gen und Bildern aus der Vereinsgeschichte erstellt. Dieses Jubil\u00e4um wurde bei einem 5-Tages-Fest mit gro\u00dfem Festumzug bei strahlendem Sonnenschein zu einem unvergessenen Erlebnis.<\/p>\n<p><a href=\"http:\/\/www.zssv-illerberg-thal.de\/wp-content\/uploads\/2011\/05\/Gruppe_gro\u00df.jpg\"><img loading=\"lazy\" decoding=\"async\" class=\"alignnone wp-image-1677\" src=\"http:\/\/www.zssv-illerberg-thal.de\/wp-content\/uploads\/2011\/05\/Gruppe_gro\u00df-300x176.jpg\" alt=\"\" width=\"719\" height=\"422\" srcset=\"http:\/\/www.zssv-illerberg-thal.de\/wp-content\/uploads\/2011\/05\/Gruppe_gro\u00df-300x176.jpg 300w, http:\/\/www.zssv-illerberg-thal.de\/wp-content\/uploads\/2011\/05\/Gruppe_gro\u00df-768x450.jpg 768w, http:\/\/www.zssv-illerberg-thal.de\/wp-content\/uploads\/2011\/05\/Gruppe_gro\u00df-1024x599.jpg 1024w, http:\/\/www.zssv-illerberg-thal.de\/wp-content\/uploads\/2011\/05\/Gruppe_gro\u00df.jpg 1476w\" sizes=\"auto, (max-width: 719px) 100vw, 719px\" \/><\/a><\/p>\n","protected":false},"excerpt":{"rendered":"<p>Der Zimmerstutzen Sch\u00fctzenverein Illerberg-Thal e.V. wurde am 10. Februar 1907 gegr\u00fcndet und z\u00e4hlt zu den \u00e4ltesten Vereinen im Ortsteil der Stadt V\u00f6hringen. In seinem \u00fcber 100-j\u00e4hrigen Vereinsleben wurde stets allergr\u00f6\u00dfter Wert auf Tradition gelegt, die auch heute noch gepflegt wird. Ungef\u00e4hr 60 Trachtentr\u00e4gerinnen und Trachtentr\u00e4ger repr\u00e4sentieren den Verein in einer original schw\u00e4bischen und handgefertigten Tracht [&hellip;]<\/p>\n","protected":false},"author":5,"featured_media":0,"parent":0,"menu_order":1,"comment_status":"closed","ping_status":"closed","template":"page-full-width.php","meta":{"ngg_post_thumbnail":0,"footnotes":""},"class_list":["post-25","page","type-page","status-publish","hentry"],"_links":{"self":[{"href":"http:\/\/www.zssv-illerberg-thal.de\/index.php?rest_route=\/wp\/v2\/pages\/25","targetHints":{"allow":["GET"]}}],"collection":[{"href":"http:\/\/www.zssv-illerberg-thal.de\/index.php?rest_route=\/wp\/v2\/pages"}],"about":[{"href":"http:\/\/www.zssv-illerberg-thal.de\/index.php?rest_route=\/wp\/v2\/types\/page"}],"author":[{"embeddable":true,"href":"http:\/\/www.zssv-illerberg-thal.de\/index.php?rest_route=\/wp\/v2\/users\/5"}],"replies":[{"embeddable":true,"href":"http:\/\/www.zssv-illerberg-thal.de\/index.php?rest_route=%2Fwp%2Fv2%2Fcomments&post=25"}],"version-history":[{"count":13,"href":"http:\/\/www.zssv-illerberg-thal.de\/index.php?rest_route=\/wp\/v2\/pages\/25\/revisions"}],"predecessor-version":[{"id":4488,"href":"http:\/\/www.zssv-illerberg-thal.de\/index.php?rest_route=\/wp\/v2\/pages\/25\/revisions\/4488"}],"wp:attachment":[{"href":"http:\/\/www.zssv-illerberg-thal.de\/index.php?rest_route=%2Fwp%2Fv2%2Fmedia&parent=25"}],"curies":[{"name":"wp","href":"https:\/\/api.w.org\/{rel}","templated":true}]}}