{"id":237,"date":"2011-05-03T19:50:21","date_gmt":"2011-05-03T17:50:21","guid":{"rendered":"http:\/\/www.zssv-illerberg-thal.de\/?page_id=237"},"modified":"2024-12-09T16:06:04","modified_gmt":"2024-12-09T15:06:04","slug":"koenige","status":"publish","type":"page","link":"http:\/\/www.zssv-illerberg-thal.de\/?page_id=237","title":{"rendered":"K\u00f6nige"},"content":{"rendered":"<ul>\n<li><a href=\"http:\/\/www.zssv-illerberg-thal.de\/?page_id=301\">Allgemeine Klasse <\/a><\/li>\n<li><a href=\"http:\/\/www.zssv-illerberg-thal.de\/?page_id=713\">Luftpistole<\/a><\/li>\n<li><a href=\"http:\/\/www.zssv-illerberg-thal.de\/?page_id=303\">Sch\u00fcler\/Jugend<\/a><\/li>\n<li><a href=\"http:\/\/www.zssv-illerberg-thal.de\/?page_id=8084&amp;preview=true\">Auflage<\/a><\/li>\n<\/ul>\n<h5>&nbsp;<\/h5>\n<h1><span style=\"color: #008000;\"><strong>DIE SCH\u00dcTZENK\u00d6NIGE IN DEM JAHR 2025<\/strong><\/span><\/h1>\n<h4>&nbsp;<\/h4>\n<p><a href=\"http:\/\/www.zssv-illerberg-thal.de\/wp-content\/uploads\/2024\/12\/Koenige-2025.png\"><img loading=\"lazy\" decoding=\"async\" class=\"alignnone size-full wp-image-9731\" src=\"http:\/\/www.zssv-illerberg-thal.de\/wp-content\/uploads\/2024\/12\/Koenige-2025.png\" alt=\"\" width=\"892\" height=\"670\" srcset=\"http:\/\/www.zssv-illerberg-thal.de\/wp-content\/uploads\/2024\/12\/Koenige-2025.png 892w, http:\/\/www.zssv-illerberg-thal.de\/wp-content\/uploads\/2024\/12\/Koenige-2025-300x225.png 300w, http:\/\/www.zssv-illerberg-thal.de\/wp-content\/uploads\/2024\/12\/Koenige-2025-768x577.png 768w\" sizes=\"auto, (max-width: 892px) 100vw, 892px\" \/><\/a><\/p>\n<h4>v.l.n.r.: Sabine Keller-Epple K\u00f6nigin Allgem. Klasse, Johann Lieble K\u00f6nig Auflage, Miriam Epple K\u00f6nigin Jugend und Lufpistolenk\u00f6nig J\u00fcrgen Epple<\/h4>\n","protected":false},"excerpt":{"rendered":"<p>Allgemeine Klasse Luftpistole Sch\u00fcler\/Jugend Auflage &nbsp; DIE SCH\u00dcTZENK\u00d6NIGE IN DEM JAHR 2025 &nbsp; v.l.n.r.: Sabine Keller-Epple K\u00f6nigin Allgem. Klasse, Johann Lieble K\u00f6nig Auflage, Miriam Epple K\u00f6nigin Jugend und Lufpistolenk\u00f6nig J\u00fcrgen Epple<\/p>\n","protected":false},"author":5,"featured_media":0,"parent":0,"menu_order":6,"comment_status":"closed","ping_status":"closed","template":"page-full-width.php","meta":{"ngg_post_thumbnail":0,"footnotes":""},"class_list":["post-237","page","type-page","status-publish","hentry"],"_links":{"self":[{"href":"http:\/\/www.zssv-illerberg-thal.de\/index.php?rest_route=\/wp\/v2\/pages\/237","targetHints":{"allow":["GET"]}}],"collection":[{"href":"http:\/\/www.zssv-illerberg-thal.de\/index.php?rest_route=\/wp\/v2\/pages"}],"about":[{"href":"http:\/\/www.zssv-illerberg-thal.de\/index.php?rest_route=\/wp\/v2\/types\/page"}],"author":[{"embeddable":true,"href":"http:\/\/www.zssv-illerberg-thal.de\/index.php?rest_route=\/wp\/v2\/users\/5"}],"replies":[{"embeddable":true,"href":"http:\/\/www.zssv-illerberg-thal.de\/index.php?rest_route=%2Fwp%2Fv2%2Fcomments&post=237"}],"version-history":[{"count":66,"href":"http:\/\/www.zssv-illerberg-thal.de\/index.php?rest_route=\/wp\/v2\/pages\/237\/revisions"}],"predecessor-version":[{"id":9739,"href":"http:\/\/www.zssv-illerberg-thal.de\/index.php?rest_route=\/wp\/v2\/pages\/237\/revisions\/9739"}],"wp:attachment":[{"href":"http:\/\/www.zssv-illerberg-thal.de\/index.php?rest_route=%2Fwp%2Fv2%2Fmedia&parent=237"}],"curies":[{"name":"wp","href":"https:\/\/api.w.org\/{rel}","templated":true}]}}