{"id":23,"date":"2011-05-01T15:23:25","date_gmt":"2011-05-01T13:23:25","guid":{"rendered":"http:\/\/zssv-illerberg-thal.de\/blog\/?page_id=23"},"modified":"2024-01-09T11:49:47","modified_gmt":"2024-01-09T10:49:47","slug":"bollergruppe","status":"publish","type":"page","link":"http:\/\/www.zssv-illerberg-thal.de\/?page_id=23","title":{"rendered":"B\u00f6llergruppe"},"content":{"rendered":"<p><a href=\"http:\/\/www.zssv-illerberg-thal.de\/wp-content\/uploads\/2018\/08\/Logo_Boeller_V12.png\"><br \/>\n<img loading=\"lazy\" decoding=\"async\" class=\" wp-image-7714 aligncenter\" src=\"http:\/\/www.zssv-illerberg-thal.de\/wp-content\/uploads\/2018\/08\/Logo_Boeller_V12-300x296.png\" alt=\"\" width=\"241\" height=\"238\" srcset=\"http:\/\/www.zssv-illerberg-thal.de\/wp-content\/uploads\/2018\/08\/Logo_Boeller_V12-300x296.png 300w, http:\/\/www.zssv-illerberg-thal.de\/wp-content\/uploads\/2018\/08\/Logo_Boeller_V12-768x757.png 768w, http:\/\/www.zssv-illerberg-thal.de\/wp-content\/uploads\/2018\/08\/Logo_Boeller_V12-1024x1010.png 1024w, http:\/\/www.zssv-illerberg-thal.de\/wp-content\/uploads\/2018\/08\/Logo_Boeller_V12-60x60.png 60w, http:\/\/www.zssv-illerberg-thal.de\/wp-content\/uploads\/2018\/08\/Logo_Boeller_V12.png 1924w\" sizes=\"auto, (max-width: 241px) 100vw, 241px\" \/><\/a><\/p>\n<p><a href=\"http:\/\/www.zssv-illerberg-thal.de\/wp-content\/uploads\/2019\/10\/apanorama.jpg\"><img loading=\"lazy\" decoding=\"async\" class=\"alignnone wp-image-8055\" src=\"http:\/\/www.zssv-illerberg-thal.de\/wp-content\/uploads\/2019\/10\/apanorama-300x133.jpg\" alt=\"\" width=\"1250\" height=\"554\" srcset=\"http:\/\/www.zssv-illerberg-thal.de\/wp-content\/uploads\/2019\/10\/apanorama-300x133.jpg 300w, http:\/\/www.zssv-illerberg-thal.de\/wp-content\/uploads\/2019\/10\/apanorama-768x341.jpg 768w, http:\/\/www.zssv-illerberg-thal.de\/wp-content\/uploads\/2019\/10\/apanorama-1024x455.jpg 1024w\" sizes=\"auto, (max-width: 1250px) 100vw, 1250px\" \/><\/a><\/p>\n<p>Die B\u00f6llergruppe des &#8222;ZSSV Illerberg-Thal e.V.&#8220; besteht nun seit dem 10. Februar 1997, dem Gr\u00fcndungstag, an dem 12 Sch\u00fctzen den Entschluss gefasst haben, eine B\u00f6llergruppe zu gr\u00fcnden.<br \/>\nWir sind eine nette Gruppe und haben viel Spa\u00df und Freude bei diesem Schie\u00dfen, bei dem es nicht um 100 Ringe geht.<\/p>\n<h3>Was tut denn so eine B\u00f6llergruppe?<\/h3>\n<p>&#8230;Oder anders gefragt, warum braucht man Sie eigentlich?<br \/>\nDas B\u00f6llerschie\u00dfen ist Pflege alten Brauchtums und hat sich vom Kriegsbrauch zum Volksbrauch entwickelt. Es wird seit Jahrhunderten ausge\u00fcbt.<\/p>\n<p>Seit fr\u00fchester Zeit verwendet der Mensch Hilfsmittel um L\u00e4rm zu erzeugen. Damit wollte er<\/p>\n<ul>\n<li>die rasche Verbreitung einer Warnung<\/li>\n<li>das Abwehren und Vertreiben b\u00f6ser D\u00e4monen<\/li>\n<li>das Ausdr\u00fccken seiner Freude<\/li>\n<li>das Aufwecken der Natur und<\/li>\n<li>das Vorantreiben des Wachstums &nbsp; &nbsp; &nbsp; &nbsp; &nbsp; &nbsp; &nbsp; &nbsp; &nbsp; &nbsp; &nbsp; &nbsp; &nbsp; &nbsp; &nbsp; &nbsp; &nbsp; &nbsp; &nbsp; &nbsp; &nbsp; &nbsp; &nbsp;&nbsp;<\/li>\n<\/ul>\n<p>bezwecken.<\/p>\n<p>Seit ca. 15 Jahren ist ein gro\u00dfer Zuspruch zum Schie\u00dfen mit B\u00f6llern festzustellen, so dass derzeit ca. 6000 B\u00f6llersch\u00fctzen das Brauchtum in Bayern aus\u00fcben.<\/p>\n<p><a href=\"http:\/\/www.zssv-illerberg-thal.de\/wp-content\/uploads\/2017\/04\/14409887_551278505073500_1079954356550149358_o.jpg\"><img loading=\"lazy\" decoding=\"async\" class=\"alignnone size-medium wp-image-5105\" src=\"http:\/\/www.zssv-illerberg-thal.de\/wp-content\/uploads\/2017\/04\/14409887_551278505073500_1079954356550149358_o-300x200.jpg\" alt=\"\" width=\"300\" height=\"200\" srcset=\"http:\/\/www.zssv-illerberg-thal.de\/wp-content\/uploads\/2017\/04\/14409887_551278505073500_1079954356550149358_o-300x200.jpg 300w, http:\/\/www.zssv-illerberg-thal.de\/wp-content\/uploads\/2017\/04\/14409887_551278505073500_1079954356550149358_o-768x511.jpg 768w, http:\/\/www.zssv-illerberg-thal.de\/wp-content\/uploads\/2017\/04\/14409887_551278505073500_1079954356550149358_o-1024x681.jpg 1024w, http:\/\/www.zssv-illerberg-thal.de\/wp-content\/uploads\/2017\/04\/14409887_551278505073500_1079954356550149358_o.jpg 2048w\" sizes=\"auto, (max-width: 300px) 100vw, 300px\" \/><\/a>&nbsp; &nbsp; &nbsp; &nbsp; &nbsp; &nbsp; &nbsp; &nbsp; &nbsp; &nbsp; &nbsp;<a href=\"http:\/\/www.zssv-illerberg-thal.de\/wp-content\/uploads\/2017\/04\/14590075_555640394637311_6083595648080064316_o.jpg\"><img loading=\"lazy\" decoding=\"async\" class=\"alignnone wp-image-5107\" src=\"http:\/\/www.zssv-illerberg-thal.de\/wp-content\/uploads\/2017\/04\/14590075_555640394637311_6083595648080064316_o-300x199.jpg\" alt=\"\" width=\"299\" height=\"198\" srcset=\"http:\/\/www.zssv-illerberg-thal.de\/wp-content\/uploads\/2017\/04\/14590075_555640394637311_6083595648080064316_o-300x199.jpg 300w, http:\/\/www.zssv-illerberg-thal.de\/wp-content\/uploads\/2017\/04\/14590075_555640394637311_6083595648080064316_o-768x509.jpg 768w, http:\/\/www.zssv-illerberg-thal.de\/wp-content\/uploads\/2017\/04\/14590075_555640394637311_6083595648080064316_o-1024x678.jpg 1024w, http:\/\/www.zssv-illerberg-thal.de\/wp-content\/uploads\/2017\/04\/14590075_555640394637311_6083595648080064316_o.jpg 2048w\" sizes=\"auto, (max-width: 299px) 100vw, 299px\" \/><\/a><\/p>\n<h3>B\u00f6llerger\u00e4te<\/h3>\n<p>Heute steht ein reichhaltiges Angebot an B\u00f6llerger\u00e4ten zur Verf\u00fcgung. Nach der Art der Ausf\u00fchrung und Verwendung unterscheidet man die B\u00f6ller in vier Gruppen:<\/p>\n<ol start=\"1\" type=\"1\">\n<li>Legb\u00f6ller, eine Art die heute kaum noch Verwendung findet<\/li>\n<li>Standb\u00f6ller<\/li>\n<li>B\u00f6llerkanonen in versch. Gr\u00f6\u00dfen<\/li>\n<li>Hand- und Schaftb\u00f6ller<\/li>\n<\/ol>\n<p>Die gebr\u00e4uchlichsten sind die Handb\u00f6ller, die auch in unserer Gruppe verwendet werden. Die Kaliber bei Handb\u00f6llern reichen von 14 mm bis 20 mm. (bei Schaftb\u00f6llern von 16 bis 40 mm). Ein B\u00f6ller mit 14 mm Kaliber wird mit 12 Gramm Pulver, ein 16 mm &#8211; mit 15 Gramm, ein 18 mm &#8211; mit 20 Gramm und ein 20 mm &#8211; 30 Gramm Pulver geladen.<\/p>\n<p>&nbsp;&nbsp;<a href=\"http:\/\/www.zssv-illerberg-thal.de\/wp-content\/uploads\/2017\/04\/14633583_555640684637282_4067968874255151422_o.jpg\"><img loading=\"lazy\" decoding=\"async\" class=\"alignnone size-medium wp-image-5108\" src=\"http:\/\/www.zssv-illerberg-thal.de\/wp-content\/uploads\/2017\/04\/14633583_555640684637282_4067968874255151422_o-300x146.jpg\" alt=\"\" width=\"300\" height=\"146\" srcset=\"http:\/\/www.zssv-illerberg-thal.de\/wp-content\/uploads\/2017\/04\/14633583_555640684637282_4067968874255151422_o-300x146.jpg 300w, http:\/\/www.zssv-illerberg-thal.de\/wp-content\/uploads\/2017\/04\/14633583_555640684637282_4067968874255151422_o-768x372.jpg 768w, http:\/\/www.zssv-illerberg-thal.de\/wp-content\/uploads\/2017\/04\/14633583_555640684637282_4067968874255151422_o.jpg 1000w\" sizes=\"auto, (max-width: 300px) 100vw, 300px\" \/><\/a>&nbsp; &nbsp; &nbsp; &nbsp; &nbsp; &nbsp; &nbsp; &nbsp; &nbsp; &nbsp; &nbsp;&nbsp;<a href=\"http:\/\/www.zssv-illerberg-thal.de\/wp-content\/uploads\/2011\/05\/cache_45914738.jpg\"><img loading=\"lazy\" decoding=\"async\" class=\"alignnone wp-image-5285\" src=\"http:\/\/www.zssv-illerberg-thal.de\/wp-content\/uploads\/2011\/05\/cache_45914738-300x225.jpg\" alt=\"\" width=\"192\" height=\"144\" srcset=\"http:\/\/www.zssv-illerberg-thal.de\/wp-content\/uploads\/2011\/05\/cache_45914738-300x225.jpg 300w, http:\/\/www.zssv-illerberg-thal.de\/wp-content\/uploads\/2011\/05\/cache_45914738-768x576.jpg 768w, http:\/\/www.zssv-illerberg-thal.de\/wp-content\/uploads\/2011\/05\/cache_45914738.jpg 1024w\" sizes=\"auto, (max-width: 192px) 100vw, 192px\" \/><\/a><\/p>\n<p>Geladen werden die B\u00f6ller mit &#8222;B\u00f6llerpulver&#8220;, danach mit Kork verd\u00e4mmt und mit einem Z\u00fcndh\u00fctchen geladen. \u00dcber den Abzug der mit dem Schloss verbunden ist, schl\u00e4gt der Schlaghammer auf das Z\u00fcndh\u00fctchen das auf dem Piston aufgesteckt wird -und dann- knallt es bzw. der Schuss l\u00f6st sich.<\/p>\n<p>Das Kommando bei uns lautet wie folgt:<\/p>\n<blockquote>\n<ol start=\"1\" type=\"1\">\n<li><strong>B\u00f6llersch\u00fctzen &#8211; Achtung!<\/strong><\/li>\n<li><strong>B\u00f6ller laden zum Reihenfeuer (oder Salve)<\/strong><\/li>\n<li><strong>B\u00f6ller verd\u00e4mmen<\/strong><\/li>\n<li><strong>B\u00f6ller fertigladen<\/strong><\/li>\n<li><strong>Sind die Sch\u00fctzen fertig?<\/strong><\/li>\n<li><strong>Feuer frei<\/strong><\/li>\n<\/ol>\n<\/blockquote>\n<p>Zun\u00e4chst bedarf es einer Schulung mit anschlie\u00dfender Pr\u00fcfung, um danach mit einem B\u00f6ller schie\u00dfen zu d\u00fcrfen!<\/p>\n<h3>Kosten<\/h3>\n<p>Wen es interessiert, was so ein Instrument\/Ger\u00e4t kostet:<br \/>\nMan bewegt sich je nach Modell von Standard \u00fcber Eichenlaub bis hin zum Barock, mit\/ohne Initialen im Lauf oder eingraviert zwischen 800,&#8211; bis 1500,&#8211; Euro. Weitere Utensilien sind die B\u00f6llertasche mit vorgeladenen Pulverfl\u00e4schchen, Korken, Z\u00fcndh\u00fctchen und Ladehammer.<\/p>\n<h3><span style=\"color: #99cc00;\">B\u00f6llerschie\u00dfen bei Tag &#8230;<\/span><\/h3>\n<h3><span style=\"color: #99cc00;\"><br \/>\n<iframe loading=\"lazy\"  id=\"_ytid_66104\"  width=\"640\" height=\"360\"  data-origwidth=\"640\" data-origheight=\"360\" src=\"https:\/\/www.youtube.com\/embed\/w9XM_Pvvv2E?enablejsapi=1&autoplay=0&cc_load_policy=0&cc_lang_pref=&iv_load_policy=1&loop=0&modestbranding=0&rel=1&fs=1&playsinline=0&autohide=2&theme=dark&color=red&controls=1&\" class=\"__youtube_prefs__  no-lazyload\" title=\"YouTube player\"  allow=\"fullscreen; accelerometer; autoplay; clipboard-write; encrypted-media; gyroscope; picture-in-picture\" allowfullscreen data-no-lazy=\"1\" data-skipgform_ajax_framebjll=\"\"><\/iframe><br \/>\n<\/span><\/h3>\n<h3>&nbsp;<\/h3>\n<h3><span style=\"color: #99cc00;\">und bei Nacht &#8230;<\/span><\/h3>\n<p>&nbsp;<\/p>\n<p><iframe loading=\"lazy\"  id=\"_ytid_11618\"  width=\"640\" height=\"360\"  data-origwidth=\"640\" data-origheight=\"360\" src=\"https:\/\/www.youtube.com\/embed\/uxQCsXcU0Ro?enablejsapi=1&#038;autoplay=0&#038;cc_load_policy=0&#038;cc_lang_pref=&#038;iv_load_policy=1&#038;loop=0&#038;modestbranding=0&#038;rel=1&#038;fs=1&#038;playsinline=0&#038;autohide=2&#038;theme=dark&#038;color=red&#038;controls=1&#038;\" class=\"__youtube_prefs__  epyt-is-override  no-lazyload\" title=\"YouTube player\"  allow=\"fullscreen; accelerometer; autoplay; clipboard-write; encrypted-media; gyroscope; picture-in-picture\" allowfullscreen data-no-lazy=\"1\" data-skipgform_ajax_framebjll=\"\"><\/iframe><\/p>\n<h3>&nbsp;<\/h3>\n<h3><span style=\"color: #99cc00;\">Bei&nbsp;festlichen Anl\u00e4ssen&#8230;<\/p>\n<p><\/span><\/h3>\n<div style=\"width: 640px;\" class=\"wp-video\"><video class=\"wp-video-shortcode\" id=\"video-23-1\" width=\"640\" height=\"352\" preload=\"metadata\" controls=\"controls\"><source type=\"video\/mp4\" src=\"http:\/\/www.zssv-illerberg-thal.de\/wp-content\/uploads\/2017\/04\/2014-06-10-10.27.13.mp4?_=1\" \/><a href=\"http:\/\/www.zssv-illerberg-thal.de\/wp-content\/uploads\/2017\/04\/2014-06-10-10.27.13.mp4\">http:\/\/www.zssv-illerberg-thal.de\/wp-content\/uploads\/2017\/04\/2014-06-10-10.27.13.mp4<\/a><\/video><\/div>\n","protected":false},"excerpt":{"rendered":"<p>Die B\u00f6llergruppe des &#8222;ZSSV Illerberg-Thal e.V.&#8220; besteht nun seit dem 10. Februar 1997, dem Gr\u00fcndungstag, an dem 12 Sch\u00fctzen den Entschluss gefasst haben, eine B\u00f6llergruppe zu gr\u00fcnden. Wir sind eine nette Gruppe und haben viel Spa\u00df und Freude bei diesem Schie\u00dfen, bei dem es nicht um 100 Ringe geht. Was tut denn so eine B\u00f6llergruppe? [&hellip;]<\/p>\n","protected":false},"author":5,"featured_media":0,"parent":0,"menu_order":2,"comment_status":"closed","ping_status":"closed","template":"page-full-width.php","meta":{"ngg_post_thumbnail":0,"footnotes":""},"class_list":["post-23","page","type-page","status-publish","hentry"],"_links":{"self":[{"href":"http:\/\/www.zssv-illerberg-thal.de\/index.php?rest_route=\/wp\/v2\/pages\/23","targetHints":{"allow":["GET"]}}],"collection":[{"href":"http:\/\/www.zssv-illerberg-thal.de\/index.php?rest_route=\/wp\/v2\/pages"}],"about":[{"href":"http:\/\/www.zssv-illerberg-thal.de\/index.php?rest_route=\/wp\/v2\/types\/page"}],"author":[{"embeddable":true,"href":"http:\/\/www.zssv-illerberg-thal.de\/index.php?rest_route=\/wp\/v2\/users\/5"}],"replies":[{"embeddable":true,"href":"http:\/\/www.zssv-illerberg-thal.de\/index.php?rest_route=%2Fwp%2Fv2%2Fcomments&post=23"}],"version-history":[{"count":69,"href":"http:\/\/www.zssv-illerberg-thal.de\/index.php?rest_route=\/wp\/v2\/pages\/23\/revisions"}],"predecessor-version":[{"id":9400,"href":"http:\/\/www.zssv-illerberg-thal.de\/index.php?rest_route=\/wp\/v2\/pages\/23\/revisions\/9400"}],"wp:attachment":[{"href":"http:\/\/www.zssv-illerberg-thal.de\/index.php?rest_route=%2Fwp%2Fv2%2Fmedia&parent=23"}],"curies":[{"name":"wp","href":"https:\/\/api.w.org\/{rel}","templated":true}]}}