{"id":21,"date":"2011-05-01T15:23:15","date_gmt":"2011-05-01T13:23:15","guid":{"rendered":"http:\/\/zssv-illerberg-thal.de\/blog\/?page_id=21"},"modified":"2025-01-07T11:45:12","modified_gmt":"2025-01-07T10:45:12","slug":"jugend","status":"publish","type":"page","link":"http:\/\/www.zssv-illerberg-thal.de\/?page_id=21","title":{"rendered":"Jugend"},"content":{"rendered":"<h3>Jugendarbeit in unserem Verein<\/h3>\n<p>Wie jeder andere Sportverein, brauchen auch wir zum \u00dcberleben eine intakte Jugend. Um dies zu gew\u00e4hrleisten haben wir zwei lizensierte, speziell geschulte Jugendleiter, die jedem interessierten Jugendlichen die Grundbegriffe des Sportschie\u00dfens nahebringen.<\/p>\n<p>Das deutsche Waffengesetz schreibt uns vor, dass Kinder ab 12, mit Ausnahmegenehmigung ab 10 Jahre, mit Luftpistole und Luftgewehr schie\u00dfen d\u00fcrfen. Das sind Nachteile gegen\u00fcber anderen Sportarten. Wir gleichen diese aus, indem nach kurzer Trainingszeit, die meisten Jungsch\u00fctzen bereits an Meisterschaften oder den internen Schie\u00dfen des Vereins, wie K\u00f6nigschie\u00dfen, Pokalschie\u00dfen etc. teilnehmen k\u00f6nnen.<\/p>\n<p>Auch das miteinander kommt nicht zu kurz! Sch\u00fctzenverein bedeutet nicht nur Schie\u00dfen sondern auch Geselligkeit und Pflege der Tradition. Unsere Jugendlichen werden mit eingebunden und sind gerne dabei.<\/p>\n<h3>Vorteile des Sportschie\u00dfens<\/h3>\n<p>Wissenschaftlich nachgewiesen f\u00f6rdert das Schie\u00dfen die Konzentration der Kinder. Durch das Miteinander in der Gruppe gibt es keine Au\u00dfenseiter und Mitl\u00e4ufer. Alle werden in die Gruppe integriert und akzeptiert, unabh\u00e4ngig ihrer sozialen Herkunft und Stellung.<\/p>\n<h3>Training<\/h3>\n<p>Durch unsere moderne, elektronische Schie\u00dfanlage ist ein Trainingsbetrieb m\u00f6glich, der uns Jugendleitern das Zeigen und Erkl\u00e4ren leichter macht. Am Bildschirm ist jeder Treffer sofort sichtbar und man kann darauf eingehen. Bestimmte Abl\u00e4ufe werden durch das &#8222;Sehen&#8220; beim Erkl\u00e4ren schneller begreifbar. Bei bereits ge\u00fcbteren Sch\u00fctzen ist die abschlie\u00dfende Auswertung verst\u00e4ndlicher.<\/p>\n<p><a href=\"http:\/\/www.zssv-illerberg-thal.de\/wp-content\/uploads\/2025\/01\/20230616_162612-scaled.jpg\"><img loading=\"lazy\" decoding=\"async\" class=\"alignnone wp-image-9846\" src=\"http:\/\/www.zssv-illerberg-thal.de\/wp-content\/uploads\/2025\/01\/20230616_162612-768x1024.jpg\" alt=\"\" width=\"282\" height=\"376\" srcset=\"http:\/\/www.zssv-illerberg-thal.de\/wp-content\/uploads\/2025\/01\/20230616_162612-768x1024.jpg 768w, http:\/\/www.zssv-illerberg-thal.de\/wp-content\/uploads\/2025\/01\/20230616_162612-225x300.jpg 225w, http:\/\/www.zssv-illerberg-thal.de\/wp-content\/uploads\/2025\/01\/20230616_162612-1152x1536.jpg 1152w, http:\/\/www.zssv-illerberg-thal.de\/wp-content\/uploads\/2025\/01\/20230616_162612-1536x2048.jpg 1536w, http:\/\/www.zssv-illerberg-thal.de\/wp-content\/uploads\/2025\/01\/20230616_162612-scaled.jpg 1920w\" sizes=\"auto, (max-width: 282px) 100vw, 282px\" \/><\/a> <a href=\"http:\/\/www.zssv-illerberg-thal.de\/wp-content\/uploads\/2025\/01\/20230616_162839-scaled.jpg\"><img loading=\"lazy\" decoding=\"async\" class=\"alignnone wp-image-9848\" src=\"http:\/\/www.zssv-illerberg-thal.de\/wp-content\/uploads\/2025\/01\/20230616_162839-768x1024.jpg\" alt=\"\" width=\"283\" height=\"377\" srcset=\"http:\/\/www.zssv-illerberg-thal.de\/wp-content\/uploads\/2025\/01\/20230616_162839-768x1024.jpg 768w, http:\/\/www.zssv-illerberg-thal.de\/wp-content\/uploads\/2025\/01\/20230616_162839-225x300.jpg 225w, http:\/\/www.zssv-illerberg-thal.de\/wp-content\/uploads\/2025\/01\/20230616_162839-1152x1536.jpg 1152w, http:\/\/www.zssv-illerberg-thal.de\/wp-content\/uploads\/2025\/01\/20230616_162839-1536x2048.jpg 1536w, http:\/\/www.zssv-illerberg-thal.de\/wp-content\/uploads\/2025\/01\/20230616_162839-scaled.jpg 1920w\" sizes=\"auto, (max-width: 283px) 100vw, 283px\" \/><\/a><\/p>\n<p><a href=\"http:\/\/www.zssv-illerberg-thal.de\/wp-content\/uploads\/2025\/01\/20230616_162557-scaled.jpg\"><img loading=\"lazy\" decoding=\"async\" class=\"alignnone wp-image-9845\" src=\"http:\/\/www.zssv-illerberg-thal.de\/wp-content\/uploads\/2025\/01\/20230616_162557-768x1024.jpg\" alt=\"\" width=\"283\" height=\"377\" srcset=\"http:\/\/www.zssv-illerberg-thal.de\/wp-content\/uploads\/2025\/01\/20230616_162557-768x1024.jpg 768w, http:\/\/www.zssv-illerberg-thal.de\/wp-content\/uploads\/2025\/01\/20230616_162557-225x300.jpg 225w, http:\/\/www.zssv-illerberg-thal.de\/wp-content\/uploads\/2025\/01\/20230616_162557-1152x1536.jpg 1152w, http:\/\/www.zssv-illerberg-thal.de\/wp-content\/uploads\/2025\/01\/20230616_162557-1536x2048.jpg 1536w, http:\/\/www.zssv-illerberg-thal.de\/wp-content\/uploads\/2025\/01\/20230616_162557-scaled.jpg 1920w\" sizes=\"auto, (max-width: 283px) 100vw, 283px\" \/><\/a> <a href=\"http:\/\/www.zssv-illerberg-thal.de\/wp-content\/uploads\/2025\/01\/20230615_164309-scaled.jpg\"><img loading=\"lazy\" decoding=\"async\" class=\"alignnone wp-image-9844\" src=\"http:\/\/www.zssv-illerberg-thal.de\/wp-content\/uploads\/2025\/01\/20230615_164309-1024x768.jpg\" alt=\"\" width=\"381\" height=\"286\" srcset=\"http:\/\/www.zssv-illerberg-thal.de\/wp-content\/uploads\/2025\/01\/20230615_164309-1024x768.jpg 1024w, http:\/\/www.zssv-illerberg-thal.de\/wp-content\/uploads\/2025\/01\/20230615_164309-300x225.jpg 300w, http:\/\/www.zssv-illerberg-thal.de\/wp-content\/uploads\/2025\/01\/20230615_164309-768x576.jpg 768w, http:\/\/www.zssv-illerberg-thal.de\/wp-content\/uploads\/2025\/01\/20230615_164309-1536x1152.jpg 1536w, http:\/\/www.zssv-illerberg-thal.de\/wp-content\/uploads\/2025\/01\/20230615_164309-2048x1536.jpg 2048w\" sizes=\"auto, (max-width: 381px) 100vw, 381px\" \/><\/a><\/p>\n<p>Unsere Jungsch\u00fctzen nehmen auch regelm\u00e4\u00dfig an Wettk\u00e4mpfen und Meisterschaften wie z.B. der Guschu Open in M\u00fcnchen teil. Hier haben auch unsere J\u00fcngsten schon beachtliche Erfolge erzielen k\u00f6nnen.<\/p>\n<p>Und auch auf Gau-Ebene wird regelm\u00e4\u00dfig abgesahnt !<\/p>\n<p><a href=\"http:\/\/www.zssv-illerberg-thal.de\/wp-content\/uploads\/2025\/01\/Jugend1.jpg\"><img loading=\"lazy\" decoding=\"async\" class=\"alignnone size-large wp-image-9840\" src=\"http:\/\/www.zssv-illerberg-thal.de\/wp-content\/uploads\/2025\/01\/Jugend1-1004x1024.jpg\" alt=\"\" width=\"640\" height=\"653\" srcset=\"http:\/\/www.zssv-illerberg-thal.de\/wp-content\/uploads\/2025\/01\/Jugend1-1004x1024.jpg 1004w, http:\/\/www.zssv-illerberg-thal.de\/wp-content\/uploads\/2025\/01\/Jugend1-294x300.jpg 294w, http:\/\/www.zssv-illerberg-thal.de\/wp-content\/uploads\/2025\/01\/Jugend1-768x783.jpg 768w, http:\/\/www.zssv-illerberg-thal.de\/wp-content\/uploads\/2025\/01\/Jugend1-1506x1536.jpg 1506w, http:\/\/www.zssv-illerberg-thal.de\/wp-content\/uploads\/2025\/01\/Jugend1.jpg 1519w\" sizes=\"auto, (max-width: 640px) 100vw, 640px\" \/><\/a>&nbsp; &nbsp; &nbsp; &nbsp; &nbsp;&nbsp;&nbsp;&nbsp;&nbsp; &nbsp; &nbsp; &nbsp; &nbsp;&nbsp;<\/p>\n<p>&nbsp; &nbsp; &nbsp; &nbsp; &nbsp; &nbsp; &nbsp; &nbsp; &nbsp; &nbsp; &nbsp; &nbsp; &nbsp; &nbsp; &nbsp; &nbsp; &nbsp;&nbsp;<\/p>\n<p><strong>Wir, die Jugendleiter und die aktuellen Jungsch\u00fctzen w\u00fcrden uns freuen, neue Sch\u00fctzen jeden Freitag ab 17.00 Uhr zu einem Schnuppertraining zu begr\u00fc\u00dfen<\/strong>.<\/p>\n<p><strong>Die Jugendleitung<\/strong><br \/>\n<strong>Angela Ponzer und J\u00fcrgen Eberle<\/strong><\/p>\n","protected":false},"excerpt":{"rendered":"<p>Jugendarbeit in unserem Verein Wie jeder andere Sportverein, brauchen auch wir zum \u00dcberleben eine intakte Jugend. Um dies zu gew\u00e4hrleisten haben wir zwei lizensierte, speziell geschulte Jugendleiter, die jedem interessierten Jugendlichen die Grundbegriffe des Sportschie\u00dfens nahebringen. Das deutsche Waffengesetz schreibt uns vor, dass Kinder ab 12, mit Ausnahmegenehmigung ab 10 Jahre, mit Luftpistole und Luftgewehr [&hellip;]<\/p>\n","protected":false},"author":5,"featured_media":0,"parent":0,"menu_order":5,"comment_status":"closed","ping_status":"closed","template":"page-full-width.php","meta":{"ngg_post_thumbnail":0,"footnotes":""},"class_list":["post-21","page","type-page","status-publish","hentry"],"_links":{"self":[{"href":"http:\/\/www.zssv-illerberg-thal.de\/index.php?rest_route=\/wp\/v2\/pages\/21","targetHints":{"allow":["GET"]}}],"collection":[{"href":"http:\/\/www.zssv-illerberg-thal.de\/index.php?rest_route=\/wp\/v2\/pages"}],"about":[{"href":"http:\/\/www.zssv-illerberg-thal.de\/index.php?rest_route=\/wp\/v2\/types\/page"}],"author":[{"embeddable":true,"href":"http:\/\/www.zssv-illerberg-thal.de\/index.php?rest_route=\/wp\/v2\/users\/5"}],"replies":[{"embeddable":true,"href":"http:\/\/www.zssv-illerberg-thal.de\/index.php?rest_route=%2Fwp%2Fv2%2Fcomments&post=21"}],"version-history":[{"count":44,"href":"http:\/\/www.zssv-illerberg-thal.de\/index.php?rest_route=\/wp\/v2\/pages\/21\/revisions"}],"predecessor-version":[{"id":9854,"href":"http:\/\/www.zssv-illerberg-thal.de\/index.php?rest_route=\/wp\/v2\/pages\/21\/revisions\/9854"}],"wp:attachment":[{"href":"http:\/\/www.zssv-illerberg-thal.de\/index.php?rest_route=%2Fwp%2Fv2%2Fmedia&parent=21"}],"curies":[{"name":"wp","href":"https:\/\/api.w.org\/{rel}","templated":true}]}}