{"id":205,"date":"2011-05-03T18:41:33","date_gmt":"2011-05-03T16:41:33","guid":{"rendered":"http:\/\/www.zssv-illerberg-thal.de\/?page_id=205"},"modified":"2020-09-01T21:56:16","modified_gmt":"2020-09-01T19:56:16","slug":"grose-bauliche-ereignisse","status":"publish","type":"page","link":"http:\/\/www.zssv-illerberg-thal.de\/?page_id=205","title":{"rendered":"Gro\u00dfe bauliche Ereignisse"},"content":{"rendered":"<p><strong>Um 1907<\/strong><br \/>\nBau eines Schie\u00dfstandes f\u00fcr Kleinkaliber, Infanteriegewehre und Sturmgewehre am Thaler Weiher (1938 abgerissen).<\/p>\n<p><strong>1938<\/strong><br \/>\nBau eines Kleinkaliber-Schie\u00dfstandes am Sandberg (1945 abgerissen).<\/p>\n<p><strong>1952<\/strong><br \/>\nBestehende Anlage beim Gasthaus &#8222;Zum Hobel&#8220; in Richtung Stadel wurde durch zwei neue Schie\u00dfst\u00e4nde ersetzt.<\/p>\n<p><strong>1953<\/strong><br \/>\nGro\u00dfe Renovierungsarbeiten im Gasthaus &#8222;Zum Hobel&#8220;. Vom Nebenzimmer aus wird ein 10 m-Schie\u00dfstand aus Holz (Holzkasten) gebaut in Richtung V\u00f6hringen (2 Schie\u00dfst\u00e4nde).<\/p>\n<p><strong>1958<\/strong><br \/>\nBestehender Schie\u00dfstand wird abgebrochen, Bau von 4 neuen Schie\u00dfst\u00e4nden im Holzkasten vom Nebenzimmer aus in Richtung V\u00f6hringen (Einweihung Fasching 1959).<\/p>\n<p><strong>1966<\/strong><br \/>\nAnbau einer Schie\u00dfhalle an das Nebenzimmer mit 7 St\u00e4nden. Bisheriges Nebenzimmer dient weiterhin als Vereinsraum (Einweihung 1967 beim 60-j\u00e4hrigen Vereinsjubil\u00e4um).<\/p>\n<p><strong>1977<\/strong><br \/>\nBau einer eigenst\u00e4ndigen Schie\u00dfhalle f\u00fcr 11 Schie\u00dfst\u00e4nde. \u00dcber der Schie\u00dfhalle entstehen Garagen f\u00fcr die Herbergseltern. Ausbau des angrenzenden Kellers als Sch\u00fctzenheim (Einweihung im September 1977 beim 70-j\u00e4hrigen Vereinsjubil\u00e4um).<\/p>\n<p><strong>2009<\/strong><br \/>\nUmfassende Renovierung des kompletten Sch\u00fctzenheims und Umr\u00fcstung der vorhandenen Schie\u00dfst\u00e4nde auf 10 vollelektronische St\u00e4nde der Firma DISAG.<\/p>\n<p><strong>2015<br \/>\n<\/strong>F\u00fcr die Bogenabteilung wurde ein Doppelcontainer in Form von Wohnmodulen errichtet.<br \/>\nDieser befindet sich am Sportgel\u00e4nde der Grundschule Illerberg.<\/p>\n<p><strong>2020<br \/>\n<\/strong>Umfangreiche Sanierung der Schie\u00dfbr\u00fcstung und Auflagepritschen mit einem speziellen Gummibelag f\u00fcr Schie\u00dfst\u00e4nde.<\/p>\n","protected":false},"excerpt":{"rendered":"<p>Um 1907 Bau eines Schie\u00dfstandes f\u00fcr Kleinkaliber, Infanteriegewehre und Sturmgewehre am Thaler Weiher (1938 abgerissen). 1938 Bau eines Kleinkaliber-Schie\u00dfstandes am Sandberg (1945 abgerissen). 1952 Bestehende Anlage beim Gasthaus &#8222;Zum Hobel&#8220; in Richtung Stadel wurde durch zwei neue Schie\u00dfst\u00e4nde ersetzt. 1953 Gro\u00dfe Renovierungsarbeiten im Gasthaus &#8222;Zum Hobel&#8220;. Vom Nebenzimmer aus wird ein 10 m-Schie\u00dfstand aus Holz [&hellip;]<\/p>\n","protected":false},"author":5,"featured_media":0,"parent":25,"menu_order":8,"comment_status":"closed","ping_status":"closed","template":"page-full-width.php","meta":{"ngg_post_thumbnail":0,"footnotes":""},"class_list":["post-205","page","type-page","status-publish","hentry"],"_links":{"self":[{"href":"http:\/\/www.zssv-illerberg-thal.de\/index.php?rest_route=\/wp\/v2\/pages\/205","targetHints":{"allow":["GET"]}}],"collection":[{"href":"http:\/\/www.zssv-illerberg-thal.de\/index.php?rest_route=\/wp\/v2\/pages"}],"about":[{"href":"http:\/\/www.zssv-illerberg-thal.de\/index.php?rest_route=\/wp\/v2\/types\/page"}],"author":[{"embeddable":true,"href":"http:\/\/www.zssv-illerberg-thal.de\/index.php?rest_route=\/wp\/v2\/users\/5"}],"replies":[{"embeddable":true,"href":"http:\/\/www.zssv-illerberg-thal.de\/index.php?rest_route=%2Fwp%2Fv2%2Fcomments&post=205"}],"version-history":[{"count":13,"href":"http:\/\/www.zssv-illerberg-thal.de\/index.php?rest_route=\/wp\/v2\/pages\/205\/revisions"}],"predecessor-version":[{"id":8403,"href":"http:\/\/www.zssv-illerberg-thal.de\/index.php?rest_route=\/wp\/v2\/pages\/205\/revisions\/8403"}],"up":[{"embeddable":true,"href":"http:\/\/www.zssv-illerberg-thal.de\/index.php?rest_route=\/wp\/v2\/pages\/25"}],"wp:attachment":[{"href":"http:\/\/www.zssv-illerberg-thal.de\/index.php?rest_route=%2Fwp%2Fv2%2Fmedia&parent=205"}],"curies":[{"name":"wp","href":"https:\/\/api.w.org\/{rel}","templated":true}]}}