{"id":19,"date":"2011-05-01T15:23:07","date_gmt":"2011-05-01T13:23:07","guid":{"rendered":"http:\/\/zssv-illerberg-thal.de\/blog\/?page_id=19"},"modified":"2023-10-22T19:33:19","modified_gmt":"2023-10-22T17:33:19","slug":"mannschaften","status":"publish","type":"page","link":"http:\/\/www.zssv-illerberg-thal.de\/?page_id=19","title":{"rendered":"Mannschaften"},"content":{"rendered":"<table width=\"100%\">\n<tbody>\n<tr>\n<td width=\"35%\">\n<h3>LG Illerberg-Thal 1<\/h3>\n<\/td>\n<td width=\"65%\"><em>Luftgewehr, A-Klasse (alphabetisch sortiert)<\/em><\/td>\n<\/tr>\n<tr>\n<td>&nbsp;<\/td>\n<td>Brandl Fabian<br \/>\nBraun Natalia<br \/>\nEberle J\u00fcrgen (Mannschaftsf\u00fchrer)<br \/>\nEpple Miriam<br \/>\nGebhard Robin<br \/>\nGrotz Jonas<br \/>\nKeller-Epple Sabine<br \/>\nPonzer Angela<br \/>\nRapp Jennifer<br \/>\nRenz Thomas<\/td>\n<\/tr>\n<tr>\n<td>\n<h3>LP Illerberg-Thal 1<\/h3>\n<\/td>\n<td><em>Luftpistole, Gauoberliga (alphabetisch sortiert)<\/em><\/td>\n<\/tr>\n<tr>\n<td>&nbsp;<\/td>\n<td>B\u00f6ck Rudolf<br \/>\nCzernin Markus<br \/>\nEpple J\u00fcrgen<br \/>\nMent Martin (Mannschaftsf\u00fchrer)<br \/>\nRuhland Dirk<br \/>\nSch\u00f6lzel Benjamin<br \/>\nSchrapp Andreas<\/td>\n<\/tr>\n<tr>\n<td>\n<h3>Illerberg-Thal Senioren Aufgelegt 1<\/h3>\n<\/td>\n<td><em>Luftgewehr, Bezirksliga Senioren Auflage (alphabetisch sortiert)<\/em><\/td>\n<\/tr>\n<tr>\n<td>&nbsp;<\/td>\n<td>Eberle J\u00fcrgen<br \/>\nKleiser Hermann (Mannschaftsf\u00fchrer)<br \/>\nLieble Johann<br \/>\nSchrapp Franz-Xaver<\/td>\n<\/tr>\n<tr>\n<td>\n<h3>Illerberg-Thal Senioren Aufgelegt 2<\/h3>\n<\/td>\n<td><em>Luftgewehr\/Luftpistole, Senioren Auflage (alphabetisch sortiert)<\/em><\/td>\n<\/tr>\n<tr>\n<td>&nbsp;<\/td>\n<td>Bischoff Roland (Mannschaftsf\u00fchrer)<br \/>\nB\u00f6ck Rudolf<br \/>\nPonzer Dieter<br \/>\nSilber Heinz<br \/>\nWillbold Ernst<\/td>\n<\/tr>\n<\/tbody>\n<\/table>\n<p>Stand: Oktober 2023<\/p>\n","protected":false},"excerpt":{"rendered":"<p>LG Illerberg-Thal 1 Luftgewehr, A-Klasse (alphabetisch sortiert) &nbsp; Brandl Fabian Braun Natalia Eberle J\u00fcrgen (Mannschaftsf\u00fchrer) Epple Miriam Gebhard Robin Grotz Jonas Keller-Epple Sabine Ponzer Angela Rapp Jennifer Renz Thomas LP Illerberg-Thal 1 Luftpistole, Gauoberliga (alphabetisch sortiert) &nbsp; B\u00f6ck Rudolf Czernin Markus Epple J\u00fcrgen Ment Martin (Mannschaftsf\u00fchrer) Ruhland Dirk Sch\u00f6lzel Benjamin Schrapp Andreas Illerberg-Thal Senioren Aufgelegt [&hellip;]<\/p>\n","protected":false},"author":5,"featured_media":0,"parent":1726,"menu_order":5,"comment_status":"closed","ping_status":"closed","template":"page-full-width.php","meta":{"ngg_post_thumbnail":0,"footnotes":""},"class_list":["post-19","page","type-page","status-publish","hentry"],"_links":{"self":[{"href":"http:\/\/www.zssv-illerberg-thal.de\/index.php?rest_route=\/wp\/v2\/pages\/19","targetHints":{"allow":["GET"]}}],"collection":[{"href":"http:\/\/www.zssv-illerberg-thal.de\/index.php?rest_route=\/wp\/v2\/pages"}],"about":[{"href":"http:\/\/www.zssv-illerberg-thal.de\/index.php?rest_route=\/wp\/v2\/types\/page"}],"author":[{"embeddable":true,"href":"http:\/\/www.zssv-illerberg-thal.de\/index.php?rest_route=\/wp\/v2\/users\/5"}],"replies":[{"embeddable":true,"href":"http:\/\/www.zssv-illerberg-thal.de\/index.php?rest_route=%2Fwp%2Fv2%2Fcomments&post=19"}],"version-history":[{"count":50,"href":"http:\/\/www.zssv-illerberg-thal.de\/index.php?rest_route=\/wp\/v2\/pages\/19\/revisions"}],"predecessor-version":[{"id":9077,"href":"http:\/\/www.zssv-illerberg-thal.de\/index.php?rest_route=\/wp\/v2\/pages\/19\/revisions\/9077"}],"up":[{"embeddable":true,"href":"http:\/\/www.zssv-illerberg-thal.de\/index.php?rest_route=\/wp\/v2\/pages\/1726"}],"wp:attachment":[{"href":"http:\/\/www.zssv-illerberg-thal.de\/index.php?rest_route=%2Fwp%2Fv2%2Fmedia&parent=19"}],"curies":[{"name":"wp","href":"https:\/\/api.w.org\/{rel}","templated":true}]}}