{"id":1875,"date":"2017-02-11T18:45:30","date_gmt":"2017-02-11T17:45:30","guid":{"rendered":"http:\/\/www.zssv-illerberg-thal.de\/?page_id=1875"},"modified":"2019-02-26T22:06:24","modified_gmt":"2019-02-26T21:06:24","slug":"kurzchronik","status":"publish","type":"page","link":"http:\/\/www.zssv-illerberg-thal.de\/?page_id=1875","title":{"rendered":"Kurzchronik"},"content":{"rendered":"<h3>Kurzchronik zum Vereinsjubil\u00e4um am 10. Februar 2017<strong><br \/>\n<\/strong><\/h3>\n<p><strong>110 Jahre Zimmerstutzen Sch\u00fctzenverein, 20 Jahre B\u00f6llergruppe, 3 Jahre Bogenabteilung<\/strong><\/p>\n<p>Heute, vor 110 Jahren und das auf den Tag genau, wurde von 19 Schie\u00dfsport begeisterten M\u00e4nnern, im Gasthaus \u201eZum Hirsch\u201c (Rone) in Thal, der \u201eZimmerstutzen Sch\u00fctzenverein Illerberg-Thal gegr\u00fcndet.<\/p>\n<p>1910 trat der Verein bei einem Preisschie\u00dfen zum ersten Mal an die \u00d6ffentlichkeit und z\u00e4hlte bereits 54 Mitglieder. Dieses Preisschie\u00dfen wurde jedes Jahr abgehalten und wurde sp\u00e4ter zum beliebten \u201eFaschings- und K\u00f6nigsschie\u00dfen\u201c, ausgebaut. Dieses Preisschie\u00dfen mit Tombola hat sich lange gehalten! Doch die traditionelle Einrichtung gibt es heute nicht mehr; was blieb, ist nur noch das K\u00f6nigsschie\u00dfen! Die, \u201eSch\u00fctzenkneip\u201c, einst der \u201e<u>Ball der B\u00e4lle<\/u>\u201c in Illerberg-Thal, wurde \u201ezum Opfer\u201c, der &nbsp;immer weniger werdenden Teilnahme der Mitglieder bzw. wegen der \u201eallgemeinen \u00dcbers\u00e4ttigung oder Lustlosigkeit, Veranstaltungen zu besuchen!<\/p>\n<p>Das war nur eine \u201ekleine Anmerkung\u201c und m\u00f6chte weiter fortfahren mit den Ereignissen in den folgenden Jahren:<br \/>\nUnterbrochen war die Vereinst\u00e4tigkeit von 1914 bis 1918 wegen des 1. Weltkrieges und der Schie\u00dfbetrieb wurde in 1919 wieder aufgenommen und belebt.<\/p>\n<p>Am 1. Juni 1925, ein Pfingstmontag wurde die Vereinsfahne feierlich geweiht. Diese ist heute noch das Schmuckst\u00fcck unseres Sch\u00fctzenvereines.<\/p>\n<p>Aus dem Jahr 1929 geht hervor, dass es vor 1929 insgesamt 2 Sch\u00fctzenvereine gegeben hat. Einen &#8222;Zimmerstutzen Sch\u00fctzenverein&#8220; und den &#8222;Zimmer- und Feuerstutzen Sch\u00fctzenverein&#8220;. Diese haben sich 1929 zu einer Gesellschaft mit dem neuen Namen &#8222;Sch\u00fctzenverein Illerberg-Thal&#8220; zusammengeschlossen.<\/p>\n<p>Etwa auch um diese Zeit wechselte der Verein sein Domizil vom Gasthaus \u201eZum Hirsch\u201c (Rone), ins Gasthaus \u201eZum Hobel\u201c. Die Herbergsfamilie war Josef und Maria Prestele.<\/p>\n<p>1932 feierte der Verein sein 25-j\u00e4hriges Jubil\u00e4um, das mit einem Gauschie\u00dfen verbunden wurde.<\/p>\n<p>Ab dem Jahr 1933 bis zum Kriegsausbruch wurde diese Zeit durch das \u201epolitische Umfeld\u201c stark beeinflusst. Der Vorstand wurde in \u201eVereinsf\u00fchrer oder Obersch\u00fctzenmeister\u201c umbenannt.&nbsp;&nbsp;&nbsp;<\/p>\n<p>1934 wurde, die heute noch existierende Sch\u00fctzenk\u00f6nigskette angeschafft.<\/p>\n<p>&nbsp;Der 2. Weltkrieg \u00fcberschattete die Jahre 1939 bis 1945. Viele aktive Sch\u00fctzen wurden zur Wehrmacht einberufen, sind \u201eauf dem Felde der Ehre geblieben\u201c und haben den Heldentod erlitten.<\/p>\n<p>1950 war das Jahr der \u201eWiedergr\u00fcndung\u201c des Sch\u00fctzenvereines. Die \u201eWieder-Er\u00f6ffnungsversammlung\u201c fand am 28. Oktober statt.<\/p>\n<p>1957 feierte man das 50-j\u00e4hrige Vereinsjubil\u00e4um, dem ein Festabend vorausging und am Festsonntag, war ein gro\u00dfer Sch\u00fctzenumzug mit sch\u00f6n geschm\u00fcckten Festwagen.<\/p>\n<p>1964 wurde eine K\u00f6nigskette f\u00fcr die Jugend angeschafft und zum ersten Mal, damit ein Jungsch\u00fctzenk\u00f6nig gek\u00fcrt.<\/p>\n<p>1967 zum 60-j\u00e4hrigen Jubil\u00e4um fand im Juli ein offenes Jubil\u00e4umsschie\u00dfen statt, an dem die Gaue Unterrothtal, Rothtal, Iller-Donau und Iller-Ilertissen, teilgenommen haben.<\/p>\n<p>Im Jahr 1977 wurde der Neubau der der neuen Schie\u00dfhalle erstellt, in der wir uns heute noch befinden. Gleichzeitig wurden die bestehenden Garagen zu einem Aufenthaltsraum und Sch\u00fctzenheim umgebaut. Einweihungsfeier war am 24. September verbunden mit dem 70-j\u00e4hringen Vereinsjubil\u00e4um.&nbsp;<\/p>\n<p>1979 war das Jahr, in dem die Illerberg-Thaler Sch\u00fctzen in \u201eSpitzenform\u201c waren was die Schie\u00dfleistung betrifft! Beim K\u00f6nigschie\u00dfen wurden auf Platz 21 immer noch 94 Ringe und mehr erzielt und bis auf Platz 46 immerhin noch 90 Ringe geschossen und das \u201eohne Auflage\u201c.<\/p>\n<p>1979 wurde Klara Riedl, Deutsche Meisterin LG-Junioren und 1982 gelang es ihr, Deutsche Meisterin bei den Damen zu werden. Damit schaffte sie den Sprung in die Nationalmannschaft. An zwei Europameisterschaften in 1982 und 1984 durfte Sie wegen Ihrer tollen Leistung teilnehmen und war eine \u201eGarantin f\u00fcr Deutschland\u201c und ein Aush\u00e4ngschild unseres Vereins. &nbsp;<\/p>\n<p>1982 fand das 75 \u2013j\u00e4hrige Vereinsjubil\u00e4um verbunden mit dem 21. Gauschie\u00dfen statt.<\/p>\n<p>1983 war das Anschaffungsjahr einer Sch\u00fctzenk\u00f6nigskette speziell f\u00fcr die LP-Sch\u00fctzen.<\/p>\n<p>1985 und 1986 wurden 26 Damen- und 35 Herrentrachten von den Klosterfrauen in Ursberg angefertigt. Diese sind unser ganzer Stolz und diese Tracht wird heute noch bei freudigen, festlichen und traurigen Anl\u00e4ssen mit W\u00fcrde getragen.<\/p>\n<p>1987 beantragte der Verein, seinen Ursprungsnamen &#8222;Zimmerstutzen Sch\u00fctzenverein Illerberg-Thal e.V.&#8220;, wieder zu tragen, so wie er auch auf der Vereinsfahne von 1925, verewigt steht. Im selben Jahr konnte der Verein sein 80-j\u00e4hriges Jubil\u00e4um feiern und war Ausrichter des 26. Gauschie\u00dfens, an dem 502 Sch\u00fctzen mit einer Rekordbeteiligung, teilgenommen haben.<\/p>\n<p>Das 90-j\u00e4hringe Gr\u00fcndungsjubil\u00e4um feierten die Sch\u00fctzen am 10. Februar 1997 (es war ein Rosenmontag) in einer kleinen, ganz gem\u00fctlichen Runde bei einer guten Brotzeit, im Sch\u00fctzenheim.<\/p>\n<p>Exakt an diesen Tag dem 10. Februar 1997 wurde die \u201eB\u00f6llergruppe\u201c des ZSSV aus der Taufe gehoben. 12 B\u00f6llersch\u00fctzen fassten sich ein Herz und unterzeichneten die Gr\u00fcndungurkunde.<\/p>\n<p>Die n\u00e4chsten 10 Jahre waren gepr\u00e4gt von verschiedenen Veranstaltungen und Aktivit\u00e4ten.<\/p>\n<p>Bis dann das Jahr 2007 kam! <strong>Am Samstag, den 10. Februar 2007 wurde der Verein 100 Jahre alt und die B\u00f6llergruppe 10 Jahre!<\/strong> Eine beeindruckende Fester\u00f6ffnung begann mit einem abendlichen feierlichen Festgottesdienst, mit Fahneneinmarsch aller Vereine des Gaues und der Patenvereine, in die Kirche. Danach f\u00fchrte ein gemeinsamer Festumzug die Geburtstagsg\u00e4ste, in die Mehrzweckhalle, wo nach einem B\u00f6llerschie\u00dfen der Festabend begann.<br \/>\nDas <strong>\u201egro\u00dfe und einmalige 100 j\u00e4hrige &#8211; Jubil\u00e4umsfest\u201c<\/strong>, fand vom 27. April bis zum 1. Mai 2007 in einem gro\u00dfen Festzelt in Thal, statt. Nach der Maibaumfeier marschierte man, angef\u00fchrt von der Musikkapelle ins Festzelt, wo dann 5 Tage lang gefeiert und Unterhaltung f\u00fcr Alt und Jung angesagt war. Ein H\u00f6hepunkt war dann der Festsonntag mit einem unvergessenen wundersch\u00f6nen Festumzug. Dieses Fest war das <strong>Jahrhundertfest<\/strong>, das von den Sch\u00fctzen in w\u00fcrdiger Form gefeiert wurde. Es wird heute noch davon gesprochen. Es wird <u>Allen<\/u>, die es mit erleben durften, in sehr sch\u00f6ner und ewiger Erinnerung bleiben.<\/p>\n<p>Die letzten 10 Jahre, waren gepr\u00e4gt von Aktivit\u00e4ten, wie dem Sch\u00fctzenheim Umbau im Jahr 2009 und der Installation einer vollelektronischen Schie\u00dfanlage mit 10 St\u00e4nden.<\/p>\n<p>Eine neue Disziplin das Bogenschie\u00dfen hat \u201eEinkehr\u201c gehalten und wird neben den Kugeldisziplinen als Alternative ausge\u00fcbt. Neu gegr\u00fcndet wurde vor 3 Jahren am 10. Februar 2014, die Bogenabteilung. Im Jahr 2015 bekam die Bogengruppe eine neue Unterkunkft, die in Form von Wohnmodulen (einem Doppelcontainer) beim Sportgel\u00e4nde der Grundschule aufgestellt wurde.<\/p>\n<p>Meine sehr verehrten Damen und Herren, liebe Mitglieder und G\u00e4ste, es w\u00fcrde den Rahmen des R\u00fcckblickes sprengen, h\u00e4tte man alle Veranstaltungen des Zimmerstutzen Sch\u00fctzenvereines in den vergangenen Jahren aufgez\u00e4hlt. Kameradschaft, Freundschaft, Humor, immer&nbsp; \u201eGut Schuss\u201c und \u201ealle ins Gold\u201c, sollen dem ZSSV in den n\u00e4chsten Jahren (am Liebsten weitere 100 Jahre), beschieden sein.<\/p>\n<p>Das w\u00fcnschen wir uns f\u00fcr die weitere Zukunft!<\/p>\n<p><strong>Die Sch\u00fctzen und Mitglieder<\/strong><br \/>\n<strong>des Zimmerstutzen Sch\u00fctzenvereines Illerberg-Thal e.V.<\/strong><\/p>\n","protected":false},"excerpt":{"rendered":"<p>Kurzchronik zum Vereinsjubil\u00e4um am 10. Februar 2017 110 Jahre Zimmerstutzen Sch\u00fctzenverein, 20 Jahre B\u00f6llergruppe, 3 Jahre Bogenabteilung Heute, vor 110 Jahren und das auf den Tag genau, wurde von 19 Schie\u00dfsport begeisterten M\u00e4nnern, im Gasthaus \u201eZum Hirsch\u201c (Rone) in Thal, der \u201eZimmerstutzen Sch\u00fctzenverein Illerberg-Thal gegr\u00fcndet. 1910 trat der Verein bei einem Preisschie\u00dfen zum ersten Mal [&hellip;]<\/p>\n","protected":false},"author":2,"featured_media":0,"parent":25,"menu_order":4,"comment_status":"closed","ping_status":"closed","template":"page-full-width.php","meta":{"ngg_post_thumbnail":0,"footnotes":""},"class_list":["post-1875","page","type-page","status-publish","hentry"],"_links":{"self":[{"href":"http:\/\/www.zssv-illerberg-thal.de\/index.php?rest_route=\/wp\/v2\/pages\/1875","targetHints":{"allow":["GET"]}}],"collection":[{"href":"http:\/\/www.zssv-illerberg-thal.de\/index.php?rest_route=\/wp\/v2\/pages"}],"about":[{"href":"http:\/\/www.zssv-illerberg-thal.de\/index.php?rest_route=\/wp\/v2\/types\/page"}],"author":[{"embeddable":true,"href":"http:\/\/www.zssv-illerberg-thal.de\/index.php?rest_route=\/wp\/v2\/users\/2"}],"replies":[{"embeddable":true,"href":"http:\/\/www.zssv-illerberg-thal.de\/index.php?rest_route=%2Fwp%2Fv2%2Fcomments&post=1875"}],"version-history":[{"count":3,"href":"http:\/\/www.zssv-illerberg-thal.de\/index.php?rest_route=\/wp\/v2\/pages\/1875\/revisions"}],"predecessor-version":[{"id":1879,"href":"http:\/\/www.zssv-illerberg-thal.de\/index.php?rest_route=\/wp\/v2\/pages\/1875\/revisions\/1879"}],"up":[{"embeddable":true,"href":"http:\/\/www.zssv-illerberg-thal.de\/index.php?rest_route=\/wp\/v2\/pages\/25"}],"wp:attachment":[{"href":"http:\/\/www.zssv-illerberg-thal.de\/index.php?rest_route=%2Fwp%2Fv2%2Fmedia&parent=1875"}],"curies":[{"name":"wp","href":"https:\/\/api.w.org\/{rel}","templated":true}]}}