{"id":1491,"date":"2017-02-09T07:41:13","date_gmt":"2017-02-09T06:41:13","guid":{"rendered":"http:\/\/www.zssv-illerberg-thal.de\/?page_id=1491"},"modified":"2026-03-22T18:37:10","modified_gmt":"2026-03-22T17:37:10","slug":"1491-2","status":"publish","type":"page","link":"http:\/\/www.zssv-illerberg-thal.de\/","title":{"rendered":""},"content":{"rendered":"<h2><a href=\"http:\/\/www.zssv-illerberg-thal.de\/wp-content\/uploads\/2019\/10\/collagetitel_neu.jpg\"><img loading=\"lazy\" decoding=\"async\" class=\"alignnone wp-image-8065\" src=\"http:\/\/www.zssv-illerberg-thal.de\/wp-content\/uploads\/2019\/10\/collagetitel_neu-300x221.jpg\" alt=\"\" width=\"443\" height=\"326\" srcset=\"http:\/\/www.zssv-illerberg-thal.de\/wp-content\/uploads\/2019\/10\/collagetitel_neu-300x221.jpg 300w, http:\/\/www.zssv-illerberg-thal.de\/wp-content\/uploads\/2019\/10\/collagetitel_neu.jpg 608w\" sizes=\"auto, (max-width: 443px) 100vw, 443px\" \/><\/a><\/h2>\n<h3>&nbsp;<\/h3>\n<h3><span style=\"color: #008000;\"><strong>OSTEREIERSCHIESSEN 2026 ENTF\u00c4LLT<\/strong><\/span><\/h3>\n<p>Das traditionelle Ostereierschie\u00dfen an Palmsonntag muss dieses Jahr leider entfallen. Diverse Termin\u00fcberschneidungen u.a. mit der Bezirksmeisterschaft 2026 und dem damit verbundenen Personalmangel zwingen uns zu diesem Schritt. F\u00fcr 2027 ist das Ostereierschie\u00dfen aber wieder geplant.<\/p>\n<h3><span style=\"color: #008000;\"><strong>GENERALVERSAMMLUNG MIT NEUWAHLEN<\/strong><\/span><\/h3>\n<p>Am Freitag, den 24.04.2026 findet um 19.00 Uhr im Gasthof &#8222;Zum Hobel&#8220; die Generalversammlung des ZSSV statt. Als besonderer Tagesordnungspunkt stehen in 2026 die Neuwahlen des ZSSV an. Ab 18.00 Uhr besteht die M\u00f6glichkeit zum Abendessen.<\/p>\n<p><img loading=\"lazy\" decoding=\"async\" class=\"alignnone size-full wp-image-10019\" src=\"http:\/\/www.zssv-illerberg-thal.de\/wp-content\/uploads\/2026\/03\/Generalversammlung_2026.png\" alt=\"\" width=\"592\" height=\"805\" srcset=\"http:\/\/www.zssv-illerberg-thal.de\/wp-content\/uploads\/2026\/03\/Generalversammlung_2026.png 592w, http:\/\/www.zssv-illerberg-thal.de\/wp-content\/uploads\/2026\/03\/Generalversammlung_2026-221x300.png 221w\" sizes=\"auto, (max-width: 592px) 100vw, 592px\" \/><\/p>\n<h3><span style=\"color: #008000;\"><strong>NEUE K\u00d6NIGE F\u00dcR 2026 PROKLAMIERT<\/strong><\/span><\/h3>\n<p>Auch dieses Jahr proklamierten wir im Rahmen unserer Weihnachtsfeier wieder die neuen Sch\u00fctzenk\u00f6nige f\u00fcr 2026.<\/p>\n<p>Unsere neuen K\u00f6nige sind:<br \/>\n&#8211; <strong>Robin Gebhard<\/strong> Jugendk\u00f6nig LG mit einem 17,2 Teiler<br \/>\n&#8211; <strong>Heinrich Schlagbaum<\/strong> Luftpistole mit einem 56,7 Teiler<br \/>\n&#8211; <strong>Thomas Renz<\/strong> K\u00f6nig Allgemeine Klasse LG mit einem 37,4 Teiler<br \/>\n&#8211; <strong>Hermann Kleiser<\/strong> K\u00f6nig Auflage LG mit einem 3,6 Teiler<\/p>\n<p><strong>Die Vorstandschaft gratuliert unseren neuen K\u00f6nigen!<\/strong><\/p>\n<p><img loading=\"lazy\" decoding=\"async\" class=\"alignnone size-large wp-image-10004\" src=\"http:\/\/www.zssv-illerberg-thal.de\/wp-content\/uploads\/2025\/12\/Koenige_2026-1024x701.jpg\" alt=\"\" width=\"640\" height=\"438\" srcset=\"http:\/\/www.zssv-illerberg-thal.de\/wp-content\/uploads\/2025\/12\/Koenige_2026-1024x701.jpg 1024w, http:\/\/www.zssv-illerberg-thal.de\/wp-content\/uploads\/2025\/12\/Koenige_2026-300x205.jpg 300w, http:\/\/www.zssv-illerberg-thal.de\/wp-content\/uploads\/2025\/12\/Koenige_2026-768x525.jpg 768w, http:\/\/www.zssv-illerberg-thal.de\/wp-content\/uploads\/2025\/12\/Koenige_2026-1536x1051.jpg 1536w, http:\/\/www.zssv-illerberg-thal.de\/wp-content\/uploads\/2025\/12\/Koenige_2026.jpg 1637w\" sizes=\"auto, (max-width: 640px) 100vw, 640px\" \/><br \/>\nv.l.n.r.:<br \/>\nVorstand Dirk Ruhland, Heinrich Schlagbaum, Robin Gebhard, Hermann Kleiser, Thomas Renz und 1. Sch\u00fctzenmeister Benjamin Sch\u00f6lzel<\/p>\n<h3><span style=\"color: #008000;\"><strong>ERGEBNISLISTE K\u00d6NIGSCHIESSEN 2026<\/strong><\/span><\/h3>\n<p><img loading=\"lazy\" decoding=\"async\" class=\"alignnone size-large wp-image-10010\" src=\"http:\/\/www.zssv-illerberg-thal.de\/wp-content\/uploads\/2025\/12\/Koenigschiessen_2026-724x1024.jpg\" alt=\"\" width=\"640\" height=\"905\" srcset=\"http:\/\/www.zssv-illerberg-thal.de\/wp-content\/uploads\/2025\/12\/Koenigschiessen_2026-724x1024.jpg 724w, http:\/\/www.zssv-illerberg-thal.de\/wp-content\/uploads\/2025\/12\/Koenigschiessen_2026-212x300.jpg 212w, http:\/\/www.zssv-illerberg-thal.de\/wp-content\/uploads\/2025\/12\/Koenigschiessen_2026-768x1086.jpg 768w, http:\/\/www.zssv-illerberg-thal.de\/wp-content\/uploads\/2025\/12\/Koenigschiessen_2026-1086x1536.jpg 1086w, http:\/\/www.zssv-illerberg-thal.de\/wp-content\/uploads\/2025\/12\/Koenigschiessen_2026-1448x2048.jpg 1448w, http:\/\/www.zssv-illerberg-thal.de\/wp-content\/uploads\/2025\/12\/Koenigschiessen_2026.jpg 1654w\" sizes=\"auto, (max-width: 640px) 100vw, 640px\" \/><\/p>\n<h3><span style=\"color: #008000;\"><strong>ERGEBNISSE GAUDAMEN- UND HERRENALTERSKLASSE SCHIESSEN 2025 IN BELLENBERG<\/strong><\/span><\/h3>\n<p>Nach dem gastgebenden Verein \u201ePfeil\u201c Bellenberg konnten wir mit 24 Sch\u00fctzinnen und Sch\u00fctzen erneut den Preis f\u00fcr den Verein mit den meisten Teilnehmern gewinnen.<\/p>\n<p>Unsere Damen konnten beim Mannschaftspokal einen guten 3. Platz belegen. Unsere Herren belegten beim Mannschaftspokal den 5. Platz.<br \/>\nBeste ZSSV-Sch\u00fctzin beim Landr\u00e4tin EVA Treu Pokal war Angela Ponzer, die mit einem 138,23 Teiler den 9. Platz von insgesamt 90 Teilnehmenden belegte.<br \/>\nBester ZSSV-Sch\u00fctze beim Auflagepokal LG-LP war Ingo Scheufele, der mit einem 84,01 Teiler den 8. Platz von 63 Teilnehmenden erreichte.<\/p>\n<p>In der Damen-Einzelwertung belegte Michelle Scheufele als beste ZSSV-Sch\u00fctzin mit einem 13,03 Teiler einen hervorragenden 5. Platz, dicht gefolgt von Miriam Epple auf Platz 10 mit 97 Ringen. In der LG\/LP-Einzel-Auflage-Wertung waren J\u00fcrgen Eberle (Platz 12 mit 104,6 Ringen) und Franz-Xaver Schrapp (Platz 13 mit einem 5,83 Teiler) die besten ZSSV-Sch\u00fctzen.<br \/>\nBester ZSSV-Sch\u00fctze in der Herren-LG\/LP-Freistehend-Wertung war Markus Czernin (21. Platz mit einem 39,97 Teiler).<\/p>\n<p><a href=\"http:\/\/www.zssv-illerberg-thal.de\/wp-content\/uploads\/2025\/11\/20251012_134840-scaled-e1764275966625.jpg\"><img loading=\"lazy\" decoding=\"async\" class=\"alignnone size-large wp-image-9991\" src=\"http:\/\/www.zssv-illerberg-thal.de\/wp-content\/uploads\/2025\/11\/20251012_134840-scaled-e1764275966625-753x1024.jpg\" alt=\"\" width=\"640\" height=\"870\" srcset=\"http:\/\/www.zssv-illerberg-thal.de\/wp-content\/uploads\/2025\/11\/20251012_134840-scaled-e1764275966625-753x1024.jpg 753w, http:\/\/www.zssv-illerberg-thal.de\/wp-content\/uploads\/2025\/11\/20251012_134840-scaled-e1764275966625-221x300.jpg 221w, http:\/\/www.zssv-illerberg-thal.de\/wp-content\/uploads\/2025\/11\/20251012_134840-scaled-e1764275966625-768x1044.jpg 768w, http:\/\/www.zssv-illerberg-thal.de\/wp-content\/uploads\/2025\/11\/20251012_134840-scaled-e1764275966625-1130x1536.jpg 1130w, http:\/\/www.zssv-illerberg-thal.de\/wp-content\/uploads\/2025\/11\/20251012_134840-scaled-e1764275966625.jpg 1180w\" sizes=\"auto, (max-width: 640px) 100vw, 640px\" \/><\/a><\/p>\n<h3><span style=\"color: #008000;\"><strong>ERGEBNISSE GAU-SIEGERFEIER UND JUBIL\u00c4UMSSCHIESSEN 120 JAHRE SV ALTENSTADT<\/strong><\/span><\/h3>\n<p>Am 19.10.2025 fand in Altenstadt die diesj\u00e4hrige Gau-Siegerfeier zeitgleich mit der Siegerehrung des Jubil\u00e4umsschie\u00dfen des SV Altenstadt statt. Er\u00f6ffnet wurde dieses sch\u00f6ne Ereignis mit einem z\u00fcnftigen B\u00f6llerschie\u00dfen der B\u00f6llergruppen des Gaus unter dem Kommando unseres B\u00f6ller-Schussmeisters Anton Schrapp. Der Schluss-Salut wird als einer der sch\u00f6nsten und gleichm\u00e4\u00dfigsten in die Geschichte des Gaus eingehen.<\/p>\n<p>Bei der anschlie\u00dfenden Ehrung der erfolgreichsten Gau-Einzel-Sch\u00fctzen und Vereinsmannschaften konnten unsere Jugend und unsere Auflage-Sch\u00fctzen sich wieder \u00fcber sch\u00f6ne Ergebnisse freuen. Einen der gr\u00f6\u00dften Erfolge an diesem Abend erzielte aber unser LP-Sch\u00fctze J\u00fcrgen Epple, der Gau-K\u00f6nig wurde und nun ein Jahr lang die LP-Gau-K\u00f6nigs-Kette tragen darf.<\/p>\n<p>Bei der abschlie\u00dfenden Siegerehrung des Jubil\u00e4umsschie\u00dfen 120 Jahre Sch\u00fctzenverein Altenstadt konnte der ZSSV Illerberg\/Thal erneut gl\u00e4nzen. Mit 17 Teilnehmern belegten wir den zweiten Platz bei der Meistbeteiligung. Unsere 1. Mannschaft, bestehend aus Robin Gebhard, Miriam Epple, Martin Ment und Dirk Ruhland belegt mit einer Teiler-Summe von 91,0 den zweiten Platz. In der Einzel-Wertung von insgesamt 156 Startern landeten die 5 besten ZSSV-Sch\u00fctzinnen und -Sch\u00fctzen auf den Pl\u00e4tzen 9, 15, 16, 20 und 21 und wurden daf\u00fcr mit sch\u00f6nen Preisgeldern belohnt.<\/p>\n<p>In der Auflage-Wertung (am n\u00e4chsten am 120-Teiler) belegte Hermann Kleiser mit einem 119,6 Teiler einen hervorragenden 6. Platz, dicht gefolgt von J\u00fcrgen Eberle (Platz 9 mit einem 120,5 Teiler) und Ernst Willbold (Platz 10 mit einem 120,6 Teiler)<\/p>\n<p>Bester ZSSV-Sch\u00fctze in der Frei-Stehend-Wertung (am n\u00e4chsten am 120-Teiler) wurde J\u00fcrgen Epple hervorragender Dritter mit einem 119,8 Teiler.<\/p>\n<p>Neben vielen sch\u00f6nen Erlebnissen, Preisgeldern und Pokalen konnten wir von diesem wunderbaren Abend auch noch 3 K\u00e4sten Freibier mit nach Illerberg nehmen. Unser herzlicher Dank gilt&nbsp; unserem Sch\u00fctzengau Iller-Illertissen mit unserer Gau-Sch\u00fctzenmeisterin Corinna Hei\u00df und ganz besonders dem Sch\u00fctzenverein Altenstadt.<\/p>\n<p><a href=\"http:\/\/www.zssv-illerberg-thal.de\/wp-content\/uploads\/2025\/11\/Screenshot_20251023-232539_Instagram.jpg\"><img loading=\"lazy\" decoding=\"async\" class=\"alignnone size-large wp-image-9994\" src=\"http:\/\/www.zssv-illerberg-thal.de\/wp-content\/uploads\/2025\/11\/Screenshot_20251023-232539_Instagram-1024x753.jpg\" alt=\"\" width=\"640\" height=\"471\" srcset=\"http:\/\/www.zssv-illerberg-thal.de\/wp-content\/uploads\/2025\/11\/Screenshot_20251023-232539_Instagram-1024x753.jpg 1024w, http:\/\/www.zssv-illerberg-thal.de\/wp-content\/uploads\/2025\/11\/Screenshot_20251023-232539_Instagram-300x221.jpg 300w, http:\/\/www.zssv-illerberg-thal.de\/wp-content\/uploads\/2025\/11\/Screenshot_20251023-232539_Instagram-768x565.jpg 768w, http:\/\/www.zssv-illerberg-thal.de\/wp-content\/uploads\/2025\/11\/Screenshot_20251023-232539_Instagram.jpg 1080w\" sizes=\"auto, (max-width: 640px) 100vw, 640px\" \/><\/a><\/p>\n<p><a href=\"http:\/\/www.zssv-illerberg-thal.de\/wp-content\/uploads\/2025\/11\/20251018_211422-scaled.jpg\"><img loading=\"lazy\" decoding=\"async\" class=\"alignnone size-large wp-image-9992\" src=\"http:\/\/www.zssv-illerberg-thal.de\/wp-content\/uploads\/2025\/11\/20251018_211422-1024x472.jpg\" alt=\"\" width=\"640\" height=\"295\" srcset=\"http:\/\/www.zssv-illerberg-thal.de\/wp-content\/uploads\/2025\/11\/20251018_211422-1024x472.jpg 1024w, http:\/\/www.zssv-illerberg-thal.de\/wp-content\/uploads\/2025\/11\/20251018_211422-300x138.jpg 300w, http:\/\/www.zssv-illerberg-thal.de\/wp-content\/uploads\/2025\/11\/20251018_211422-768x354.jpg 768w, http:\/\/www.zssv-illerberg-thal.de\/wp-content\/uploads\/2025\/11\/20251018_211422-1536x709.jpg 1536w, http:\/\/www.zssv-illerberg-thal.de\/wp-content\/uploads\/2025\/11\/20251018_211422-2048x945.jpg 2048w\" sizes=\"auto, (max-width: 640px) 100vw, 640px\" \/><\/a><\/p>\n<p><a href=\"http:\/\/www.zssv-illerberg-thal.de\/wp-content\/uploads\/2025\/11\/20251018_211504-scaled-e1764276011336.jpg\"><img loading=\"lazy\" decoding=\"async\" class=\"alignnone size-large wp-image-9993\" src=\"http:\/\/www.zssv-illerberg-thal.de\/wp-content\/uploads\/2025\/11\/20251018_211504-scaled-e1764276011336-639x1024.jpg\" alt=\"\" width=\"639\" height=\"1024\" srcset=\"http:\/\/www.zssv-illerberg-thal.de\/wp-content\/uploads\/2025\/11\/20251018_211504-scaled-e1764276011336-639x1024.jpg 639w, http:\/\/www.zssv-illerberg-thal.de\/wp-content\/uploads\/2025\/11\/20251018_211504-scaled-e1764276011336-187x300.jpg 187w, http:\/\/www.zssv-illerberg-thal.de\/wp-content\/uploads\/2025\/11\/20251018_211504-scaled-e1764276011336-768x1232.jpg 768w, http:\/\/www.zssv-illerberg-thal.de\/wp-content\/uploads\/2025\/11\/20251018_211504-scaled-e1764276011336-958x1536.jpg 958w, http:\/\/www.zssv-illerberg-thal.de\/wp-content\/uploads\/2025\/11\/20251018_211504-scaled-e1764276011336.jpg 1181w\" sizes=\"auto, (max-width: 639px) 100vw, 639px\" \/><\/a><\/p>\n<p>&nbsp;<\/p>\n<h3 style=\"text-align: left;\"><a href=\"http:\/\/www.zssv-illerberg-thal.de\/index.php\/nggallery\/2024\/traditionsschiessen-1?page_id=9164\"><strong><span style=\"color: #008000;\">1. TRADITIONSSCHIESSEN DES<br \/>\n<\/span><\/strong><strong><span style=\"color: #008000;\">ZSSV ILLERBERG\/THAL E.V.<\/span><\/strong><\/a><\/h3>\n<p><strong>Am 06.01.2024 fand unser erstes vereinsinternes<br \/>\nTraditionsschiessen mit historischen Zimmerstutzen <\/strong><strong>und alten Knicklauf-Luftgewehren statt.<br \/>\nZahlreiche Sch\u00fctzen nahmen teil und erzielten mit ihren zum Teil \u00fcber<\/strong><br \/>\n<strong>100 Jahre alten Waffen tolle Ergebnisse und einige &#8222;Blattl&#8220;.&nbsp;<\/strong><br \/>\n<strong><a href=\"http:\/\/www.zssv-illerberg-thal.de\/wp-content\/uploads\/2024\/01\/20240106181112_IMG_2082.jpg\"><img loading=\"lazy\" decoding=\"async\" class=\"alignnone size-large wp-image-9108\" src=\"http:\/\/www.zssv-illerberg-thal.de\/wp-content\/uploads\/2024\/01\/20240106181112_IMG_2082-1024x966.jpg\" alt=\"\" width=\"640\" height=\"604\" srcset=\"http:\/\/www.zssv-illerberg-thal.de\/wp-content\/uploads\/2024\/01\/20240106181112_IMG_2082-1024x966.jpg 1024w, http:\/\/www.zssv-illerberg-thal.de\/wp-content\/uploads\/2024\/01\/20240106181112_IMG_2082-300x283.jpg 300w, http:\/\/www.zssv-illerberg-thal.de\/wp-content\/uploads\/2024\/01\/20240106181112_IMG_2082-768x725.jpg 768w, http:\/\/www.zssv-illerberg-thal.de\/wp-content\/uploads\/2024\/01\/20240106181112_IMG_2082.jpg 1280w\" sizes=\"auto, (max-width: 640px) 100vw, 640px\" \/><\/a><\/strong><\/p>\n<p><strong>Die 3 ersten Pl\u00e4tze bei den Luftgewehren belegten:<\/strong><br \/>\n<strong>&#8211; 1. Platz Benjamin Sch\u00f6lzel&nbsp; &nbsp; &nbsp; &nbsp; &nbsp; &nbsp; 26,4 Teiler<\/strong><br \/>\n<strong>&#8211; 2. Platz Viktor Moser&nbsp; &nbsp; &nbsp; &nbsp; &nbsp; &nbsp; &nbsp; &nbsp; &nbsp; &nbsp; &nbsp; 76 Ringe<\/strong><br \/>\n<strong>&#8211; 3. Platz Rudolf B\u00f6ck&nbsp; &nbsp; &nbsp; &nbsp; &nbsp; &nbsp; &nbsp; &nbsp; &nbsp; &nbsp; &nbsp; 55,3 Teiler<\/strong><\/p>\n<p><strong>Die 3 ersten Pl\u00e4tze bei den Traditions-Zimmerstutzen belegten:<\/strong><br \/>\n<strong>&#8211; 1. Platz Angela Ponzer&nbsp; &nbsp; &nbsp; &nbsp; &nbsp; &nbsp; &nbsp; &nbsp; &nbsp; 136,7 Teiler<\/strong><br \/>\n<strong>&#8211; 2. Platz Benjamin Sch\u00f6lzel&nbsp; &nbsp; &nbsp; &nbsp; &nbsp; &nbsp;66 Ringe<\/strong><br \/>\n<strong>&#8211; 3. Platz Rudolf B\u00f6ck&nbsp; &nbsp; &nbsp; &nbsp; &nbsp; &nbsp; &nbsp; &nbsp; &nbsp; &nbsp; &nbsp;146,9 Teiler<\/strong><\/p>\n<p><strong>Das Schie\u00dfen haben wir bei gem\u00fctlichem Beisammensein und bester Verpflegung ausklingen lassen.<\/strong><br \/>\n<strong>Eine rundum gelungene Veranstaltung und daher wurde beschlossen solche Traditionsschie\u00dfen <\/strong><strong>in Zukunft \u00f6fters zu wiederholen.<\/strong><\/p>\n<h3>&nbsp;<\/h3>\n<h3><strong><span style=\"color: #008000;\">8. V\u00d6HRINGER SPIELE- UND FAMILIENTAG<br \/>\n&#8230; UND WIR WAREN MIT DABEI !!!<\/span><\/strong><\/h3>\n<h2><a href=\"http:\/\/www.zssv-illerberg-thal.de\/wp-content\/uploads\/2023\/07\/Collage1.jpg\"><img loading=\"lazy\" decoding=\"async\" class=\"alignnone size-large wp-image-9039\" src=\"http:\/\/www.zssv-illerberg-thal.de\/wp-content\/uploads\/2023\/07\/Collage1-1024x1024.jpg\" alt=\"\" width=\"640\" height=\"640\" srcset=\"http:\/\/www.zssv-illerberg-thal.de\/wp-content\/uploads\/2023\/07\/Collage1-1024x1024.jpg 1024w, http:\/\/www.zssv-illerberg-thal.de\/wp-content\/uploads\/2023\/07\/Collage1-300x300.jpg 300w, http:\/\/www.zssv-illerberg-thal.de\/wp-content\/uploads\/2023\/07\/Collage1-150x150.jpg 150w, http:\/\/www.zssv-illerberg-thal.de\/wp-content\/uploads\/2023\/07\/Collage1-768x768.jpg 768w, http:\/\/www.zssv-illerberg-thal.de\/wp-content\/uploads\/2023\/07\/Collage1-1536x1536.jpg 1536w, http:\/\/www.zssv-illerberg-thal.de\/wp-content\/uploads\/2023\/07\/Collage1-2048x2048.jpg 2048w, http:\/\/www.zssv-illerberg-thal.de\/wp-content\/uploads\/2023\/07\/Collage1-144x144.jpg 144w\" sizes=\"auto, (max-width: 640px) 100vw, 640px\" \/><\/a><\/h2>\n<p>&nbsp;<\/p>\n<p><a href=\"http:\/\/www.zssv-illerberg-thal.de\/wp-content\/uploads\/2019\/08\/Banner_ZSSV_final.jpg\"><img loading=\"lazy\" decoding=\"async\" class=\"wp-image-7952 alignleft\" src=\"http:\/\/www.zssv-illerberg-thal.de\/wp-content\/uploads\/2019\/08\/Banner_ZSSV_final-300x154.jpg\" alt=\"\" width=\"484\" height=\"248\" srcset=\"http:\/\/www.zssv-illerberg-thal.de\/wp-content\/uploads\/2019\/08\/Banner_ZSSV_final-300x154.jpg 300w, http:\/\/www.zssv-illerberg-thal.de\/wp-content\/uploads\/2019\/08\/Banner_ZSSV_final-768x393.jpg 768w, http:\/\/www.zssv-illerberg-thal.de\/wp-content\/uploads\/2019\/08\/Banner_ZSSV_final-1024x524.jpg 1024w\" sizes=\"auto, (max-width: 484px) 100vw, 484px\" \/><\/a><\/p>\n","protected":false},"excerpt":{"rendered":"<p>&nbsp; OSTEREIERSCHIESSEN 2026 ENTF\u00c4LLT Das traditionelle Ostereierschie\u00dfen an Palmsonntag muss dieses Jahr leider entfallen. Diverse Termin\u00fcberschneidungen u.a. mit der Bezirksmeisterschaft 2026 und dem damit verbundenen Personalmangel zwingen uns zu diesem Schritt. F\u00fcr 2027 ist das Ostereierschie\u00dfen aber wieder geplant. GENERALVERSAMMLUNG MIT NEUWAHLEN Am Freitag, den 24.04.2026 findet um 19.00 Uhr im Gasthof &#8222;Zum Hobel&#8220; die [&hellip;]<\/p>\n","protected":false},"author":5,"featured_media":0,"parent":0,"menu_order":0,"comment_status":"closed","ping_status":"closed","template":"","meta":{"ngg_post_thumbnail":0,"footnotes":""},"class_list":["post-1491","page","type-page","status-publish","hentry"],"_links":{"self":[{"href":"http:\/\/www.zssv-illerberg-thal.de\/index.php?rest_route=\/wp\/v2\/pages\/1491","targetHints":{"allow":["GET"]}}],"collection":[{"href":"http:\/\/www.zssv-illerberg-thal.de\/index.php?rest_route=\/wp\/v2\/pages"}],"about":[{"href":"http:\/\/www.zssv-illerberg-thal.de\/index.php?rest_route=\/wp\/v2\/types\/page"}],"author":[{"embeddable":true,"href":"http:\/\/www.zssv-illerberg-thal.de\/index.php?rest_route=\/wp\/v2\/users\/5"}],"replies":[{"embeddable":true,"href":"http:\/\/www.zssv-illerberg-thal.de\/index.php?rest_route=%2Fwp%2Fv2%2Fcomments&post=1491"}],"version-history":[{"count":803,"href":"http:\/\/www.zssv-illerberg-thal.de\/index.php?rest_route=\/wp\/v2\/pages\/1491\/revisions"}],"predecessor-version":[{"id":10021,"href":"http:\/\/www.zssv-illerberg-thal.de\/index.php?rest_route=\/wp\/v2\/pages\/1491\/revisions\/10021"}],"wp:attachment":[{"href":"http:\/\/www.zssv-illerberg-thal.de\/index.php?rest_route=%2Fwp%2Fv2%2Fmedia&parent=1491"}],"curies":[{"name":"wp","href":"https:\/\/api.w.org\/{rel}","templated":true}]}}