{"id":1285,"date":"2014-12-17T20:54:12","date_gmt":"2014-12-17T19:54:12","guid":{"rendered":"http:\/\/www.zssv-illerberg-thal.de\/?page_id=1285"},"modified":"2024-01-09T12:26:51","modified_gmt":"2024-01-09T11:26:51","slug":"bogengruppe","status":"publish","type":"page","link":"http:\/\/www.zssv-illerberg-thal.de\/?page_id=1285","title":{"rendered":"Bogengruppe"},"content":{"rendered":"<h3><span style=\"color: #008000;\"><strong>ALLES IN\u00b4S GOLD &#8211; <\/strong><\/span><span style=\"color: #008000;\"><strong>BOGENSCHIESSEN F\u00dcR JUNG UND ALT<\/strong><\/span>&nbsp; &nbsp; &nbsp; &nbsp; &nbsp; &nbsp; &nbsp; &nbsp; &nbsp; &nbsp; &nbsp; &nbsp; &nbsp; &nbsp; &nbsp; &nbsp; &nbsp; &nbsp; &nbsp; &nbsp; &nbsp; &nbsp; &nbsp;&nbsp;<\/h3>\n<p>&nbsp;<\/p>\n<p>Am 10.02.2014 hat unser Sch\u00fctzenverein eine Bogengruppe gegr\u00fcndet, um Kindern und Jugendlichen wie auch interessierten Erwachsenen die M\u00f6glichkeit zu bieten,die Trendsportart Bogenschie\u00dfen auszu\u00fcben.<br \/>\nUnsere Gruppe feiert dieses Jahr mittlerweile schon ihr 3-j\u00e4hriges Bestehen !<span style=\"font-family: Times New Roman,serif;\">!!<\/span><br \/>\nIn diesen 3 Jahre hat sich allerhand getan und es wurde viel an ehrenamtlicher Arbeit geleistet.<\/p>\n<p>Die Bogengruppe ist auf dem Schulsportplatz unterhalb der Grundschule angesiedelt.<br \/>\nHier haben wir einen gro\u00dfen B\u00fcrocontainer aufgestellt um hier unseren Bogensch\u00fctzen eine geeignete Anlaufstelle zu bieten. Die Au\u00dfenanlagen wurden in 2016 angelegt und der Innenbereich wurde durch eine sch\u00f6ne kleine Einbauk\u00fcche, Bank, Tische und St\u00fchle erweitert.<\/p>\n<p>Da es sich beim Bogenschie\u00dfen prim\u00e4r um eine Outdoor-Sportart handelt, bietet unser \u201eBogencontainer\u201c jetzt auch eine gem\u00fctliche Unterkunft falls uns das Wetter mal einen Strich durch die Rechnung machen sollte.<br \/>\nUnd s\u00e4mtliche Utensilien die gebraucht werden, haben nun auch ihren Platz gefunden.<br \/>\nF\u00fcr das Jahr 2017 sind noch weitere Arbeiten im Innenbereich vorgesehen, um die Abl\u00e4ufe noch optimaler gestalten zu k\u00f6nnen. Auch um den Container herum wollen wir unser Bogendomizil noch etwas \u201eaufh\u00fcbschen\u201c.<br \/>\nWenn diese Arbeiten alle abgeschlossen sind,<br \/>\nk\u00f6nnen wir endlich den lang ersehnten \u201eTag der offenen T\u00fcre\u201c feiern !!!<\/p>\n<h3><span style=\"color: #008000;\"><strong>Ganz besonders freuen wir uns \u00fcber unsere neuen Mitgliedern<br \/>\n<\/strong><strong> im Kinder- und Jugendbereich !!!<\/strong><\/span><\/h3>\nngg_shortcode_0_placeholder\n<p>Alle Interessierten laden wir ein, einfach mal bei uns vorbei zu schauen !!!<\/p>\n<p>Aufgrund der k\u00e4lteren Temperaturen aber vor allem wegen der jetzt fr\u00fcher einsetzenden Dunkelheit sind wir wieder wie auch in den Jahren zuvor, gezwungen die Trainingszeiten umzustellen. Wir werden ab n\u00e4chster Woche das Jugendtraining nur noch von 16.30 &#8211; 17.30 Uhr abhalten. Die beiden Gruppen schiessen dann 14-t\u00e4gig im Wechsel. Anders funktioniert es leider nicht, da wir sonst noch fr\u00fcher am Nachmittag beginnen m\u00fcssten. Im Klartext schiesst n\u00e4chste Woche die Gruppe die bisher von 17-18 Uhr geschossen hat um 16.30-17.30 Uhr. Die Woche drauf dann die Gruppe die bisher von 18.00-19.00 Uhr geschossen hat. Und dann eben immer im 14-t\u00e4gigen Wechsel. Erwachsene k\u00f6nnen dann von 17.30 Uhr an schie\u00dfen.<\/p>\n<h5><span style=\"color: #ff6600;\"><br \/>\n<span style=\"color: #008000;\"><a style=\"color: #008000;\" href=\"mailto:info@zssv-illerberg-thal.de\">info@zssv-illerberg-thal.de<\/a><\/span><br \/>\n<\/span><\/h5>\n<p>&nbsp;<\/p>\n<h3><b>ANSPRECHPARTNER F\u00dcR DIE BOGENGRUPPE SIND:<\/b><\/h3>\n<p><strong><span style=\"color: #008000;\"><a style=\"color: #008000;\" href=\"mailto:info@zssv-illerberg-thal.de\"> Monika Wiesmaier<\/a>,<\/span> 1. Bogenleiterin, Vereins\u00fcbungsleiterin<\/strong><br \/>\n<strong><span style=\"color: #008000;\"><a style=\"color: #008000;\" href=\"mailto:info@zssv-illerberg-thal.de\"> Martin Ment<\/a>,<\/span> 2. Bogenleiter, 1. Pistolenleiter<br \/>\n<\/strong><\/p>\n","protected":false},"excerpt":{"rendered":"<p>ALLES IN\u00b4S GOLD &#8211; BOGENSCHIESSEN F\u00dcR JUNG UND ALT&nbsp; &nbsp; &nbsp; &nbsp; &nbsp; &nbsp; &nbsp; &nbsp; &nbsp; &nbsp; &nbsp; &nbsp; &nbsp; &nbsp; &nbsp; &nbsp; &nbsp; &nbsp; &nbsp; &nbsp; &nbsp; &nbsp; &nbsp;&nbsp; &nbsp; Am 10.02.2014 hat unser Sch\u00fctzenverein eine Bogengruppe gegr\u00fcndet, um Kindern und Jugendlichen wie auch interessierten Erwachsenen die M\u00f6glichkeit zu bieten,die Trendsportart Bogenschie\u00dfen auszu\u00fcben. [&hellip;]<\/p>\n","protected":false},"author":5,"featured_media":0,"parent":0,"menu_order":3,"comment_status":"closed","ping_status":"closed","template":"page-full-width.php","meta":{"ngg_post_thumbnail":0,"footnotes":""},"class_list":["post-1285","page","type-page","status-publish","hentry"],"_links":{"self":[{"href":"http:\/\/www.zssv-illerberg-thal.de\/index.php?rest_route=\/wp\/v2\/pages\/1285","targetHints":{"allow":["GET"]}}],"collection":[{"href":"http:\/\/www.zssv-illerberg-thal.de\/index.php?rest_route=\/wp\/v2\/pages"}],"about":[{"href":"http:\/\/www.zssv-illerberg-thal.de\/index.php?rest_route=\/wp\/v2\/types\/page"}],"author":[{"embeddable":true,"href":"http:\/\/www.zssv-illerberg-thal.de\/index.php?rest_route=\/wp\/v2\/users\/5"}],"replies":[{"embeddable":true,"href":"http:\/\/www.zssv-illerberg-thal.de\/index.php?rest_route=%2Fwp%2Fv2%2Fcomments&post=1285"}],"version-history":[{"count":65,"href":"http:\/\/www.zssv-illerberg-thal.de\/index.php?rest_route=\/wp\/v2\/pages\/1285\/revisions"}],"predecessor-version":[{"id":9402,"href":"http:\/\/www.zssv-illerberg-thal.de\/index.php?rest_route=\/wp\/v2\/pages\/1285\/revisions\/9402"}],"wp:attachment":[{"href":"http:\/\/www.zssv-illerberg-thal.de\/index.php?rest_route=%2Fwp%2Fv2%2Fmedia&parent=1285"}],"curies":[{"name":"wp","href":"https:\/\/api.w.org\/{rel}","templated":true}]}}