{"id":11,"date":"2011-05-01T15:20:21","date_gmt":"2011-05-01T13:20:21","guid":{"rendered":"http:\/\/zssv-illerberg-thal.de\/blog\/?page_id=11"},"modified":"2022-07-18T19:19:44","modified_gmt":"2022-07-18T17:19:44","slug":"schiesszeiten","status":"publish","type":"page","link":"http:\/\/www.zssv-illerberg-thal.de\/?page_id=11","title":{"rendered":"Schiesszeiten"},"content":{"rendered":"<p><a href=\"http:\/\/www.zssv-illerberg-thal.de\/wp-content\/uploads\/2011\/05\/image.jpeg\"><img loading=\"lazy\" decoding=\"async\" class=\"alignnone wp-image-1476 size-thumbnail\" src=\"http:\/\/www.zssv-illerberg-thal.de\/wp-content\/uploads\/2011\/05\/image-150x150.jpeg\" width=\"150\" height=\"150\"><\/a><\/p>\n<h3>Luftgewehr und Luftpistole<\/h3>\n<p>Regul\u00e4r: Freitags von 19.00 bis 22.00 Uhr<br \/>\nJugend: Freitags ab 17.00 Uhr&nbsp;<br \/>\nOrt: Sch\u00fctzenheim (Tel. 07306 \/ 9295755)<\/p>\n<p>&nbsp;<\/p>\n<p><a href=\"http:\/\/www.zssv-illerberg-thal.de\/wp-content\/uploads\/2011\/05\/image-1.jpeg\"><img loading=\"lazy\" decoding=\"async\" class=\"alignnone wp-image-1477 size-thumbnail\" src=\"http:\/\/www.zssv-illerberg-thal.de\/wp-content\/uploads\/2011\/05\/image-1-150x150.jpeg\" width=\"150\" height=\"150\"><\/a><\/p>\n<h3>Bogen<\/h3>\n<p>REGUL\u00c4RE ZEITEN (\u00c4nderungen hierzu werden immer auf der Startseite ver\u00f6ffentlicht !!!)<\/p>\n<p>Erwachsene: Montags von 19.00 bis 20.30 Uhr<br \/>\nJugend 1: Montags von 17.00 bis 18.00 Uhr&nbsp;<br \/>\nJugend 2: Montags von 18.00 bis 19.00 Uhr&nbsp;<br \/>\nOrt: ZSSV Bogenheim auf dem Schulsportplatz Grundschule Illerberg<\/p>\n<p><strong>Schnupper-Termine sind kostenlos!<\/strong><\/p>\n<p>&nbsp;<\/p>\n","protected":false},"excerpt":{"rendered":"<p>Luftgewehr und Luftpistole Regul\u00e4r: Freitags von 19.00 bis 22.00 Uhr Jugend: Freitags ab 17.00 Uhr&nbsp; Ort: Sch\u00fctzenheim (Tel. 07306 \/ 9295755) &nbsp; Bogen REGUL\u00c4RE ZEITEN (\u00c4nderungen hierzu werden immer auf der Startseite ver\u00f6ffentlicht !!!) Erwachsene: Montags von 19.00 bis 20.30 Uhr Jugend 1: Montags von 17.00 bis 18.00 Uhr&nbsp; Jugend 2: Montags von 18.00 bis [&hellip;]<\/p>\n","protected":false},"author":5,"featured_media":0,"parent":0,"menu_order":1,"comment_status":"closed","ping_status":"closed","template":"page-full-width.php","meta":{"ngg_post_thumbnail":0,"footnotes":""},"class_list":["post-11","page","type-page","status-publish","hentry"],"_links":{"self":[{"href":"http:\/\/www.zssv-illerberg-thal.de\/index.php?rest_route=\/wp\/v2\/pages\/11","targetHints":{"allow":["GET"]}}],"collection":[{"href":"http:\/\/www.zssv-illerberg-thal.de\/index.php?rest_route=\/wp\/v2\/pages"}],"about":[{"href":"http:\/\/www.zssv-illerberg-thal.de\/index.php?rest_route=\/wp\/v2\/types\/page"}],"author":[{"embeddable":true,"href":"http:\/\/www.zssv-illerberg-thal.de\/index.php?rest_route=\/wp\/v2\/users\/5"}],"replies":[{"embeddable":true,"href":"http:\/\/www.zssv-illerberg-thal.de\/index.php?rest_route=%2Fwp%2Fv2%2Fcomments&post=11"}],"version-history":[{"count":50,"href":"http:\/\/www.zssv-illerberg-thal.de\/index.php?rest_route=\/wp\/v2\/pages\/11\/revisions"}],"predecessor-version":[{"id":8721,"href":"http:\/\/www.zssv-illerberg-thal.de\/index.php?rest_route=\/wp\/v2\/pages\/11\/revisions\/8721"}],"wp:attachment":[{"href":"http:\/\/www.zssv-illerberg-thal.de\/index.php?rest_route=%2Fwp%2Fv2%2Fmedia&parent=11"}],"curies":[{"name":"wp","href":"https:\/\/api.w.org\/{rel}","templated":true}]}}